{"id":24656,"date":"2017-12-05T07:39:54","date_gmt":"2017-12-05T07:39:54","guid":{"rendered":"https:\/\/www.andersonlawfirm.law\/home\/"},"modified":"2023-03-15T09:28:50","modified_gmt":"2023-03-15T09:28:50","slug":"home","status":"publish","type":"page","link":"https:\/\/www.andersonlawfirm.law\/es\/","title":{"rendered":"Home"},"content":{"rendered":"<h1>ABOGADO EXPERTO EN LESIONES EN CAROLINA DEL SUR Y GEORGIA UBICADO EN CHARLESTON, CAROLINA DEL SUR<\/h1>\n<p>Cuando usted o alg\u00fan ser querido resultan gravemente heridos en Charleston, West Ashley, James Island o en cualquier otra localidad de los estados de Carolina del Sur o Georgia, en el bufete legal de Charleston <a title=\"Charleston SC Taylor Anderson Law Firm Team\" href=\"https:\/\/www.andersonlawfirm.law\/meet-taylor-anderson\/\">Taylor Anderson Law Firm<\/a> contamos con una amplia experiencia en lesiones personales y estamos en una posici\u00f3n privilegiada para abogar por que se le haga justicia y reciba la compensaci\u00f3n que necesita y se merece El abogado de Charleston experto en lesiones personales, Taylor Anderson, constantemente demuestra su liderazgo en el conocimiento de las leyes, as\u00ed como el leal compromiso al cliente que \u00e9stos y sus familias lesionadas necesitan.<\/p>\n<p>Las personas pueden necesitar hacer frente a una prolongada atenci\u00f3n m\u00e9dica, elevados costos de reparaci\u00f3n o ausencias laborales, dependiendo del alcance de las lesiones y las circunstancias que hayan rodeado el accidente sufrido. Adem\u00e1s, las v\u00edctimas de lesiones personales podr\u00edan requerir terapias, rehabilitaciones y orientaci\u00f3n psicol\u00f3gica o emocional. Las lesiones y cargas financieras como consecuencia de un accidente a\u00f1aden estr\u00e9s y tensi\u00f3n a las v\u00edctimas de da\u00f1os personales, por lo que lo \u00faltimo que \u00e9stas desean es tener que preocuparse de c\u00f3mo presentar la documentaci\u00f3n, tratar con los ajustadores de seguros, saber si es conveniente o cu\u00e1ndo presentar una reclamaci\u00f3n por lesiones personales, o realizar una demanda por negligencia.<\/p>\n<p>En el bufete legal Taylor Anderson Law Firm, trabajamos incansablemente para recopilar los hechos relacionados con los casos de lesiones personales de nuestros clientes y construir las reclamaciones por da\u00f1os que produzcan los resultados m\u00e1s favorables posibles para las personas damnificadas, mientras \u00e9stas se enfocan \u00fanicamente en su recuperaci\u00f3n. A la vez, el abogado de Charleston experto en lesiones personales, Taylor Anderson, se compromete a ayudar a sus clientes a recuperar los importes que cubran los gastos m\u00e9dicos, reparaciones, salarios perdidos y dolor y padecimiento sufridos. Si un accidente que provoca lesiones personales involucra descuido o negligencia de un tercero, Taylor cuenta con un equipo perfectamente capacitado para investigar\u00e1 hasta garantizar que todas las partes negligentes se responsabilicen del da\u00f1o causado al cliente.<\/p>\n","protected":false},"excerpt":{"rendered":"<p>ABOGADO EXPERTO EN LESIONES EN CAROLINA DEL SUR Y GEORGIA UBICADO EN CHARLESTON, CAROLINA DEL SUR Cuando usted o alg\u00fan ser querido resultan gravemente heridos en Charleston, West Ashley, James Island o en cualquier otra localidad de los estados de Carolina del Sur o Georgia, en el bufete legal de Charleston Taylor Anderson Law Firm&hellip; <a href=\"https:\/\/www.andersonlawfirm.law\/es\/\" class=\"more-link\">Continue reading<span class=\"sr-only\">about Home<\/span><\/a><\/p>\n","protected":false},"author":1,"featured_media":24602,"parent":0,"menu_order":-1,"comment_status":"closed","ping_status":"closed","template":"","meta":{"_acf_changed":false,"footnotes":""},"class_list":["post-24656","page","type-page","status-publish","has-post-thumbnail","hentry"],"acf":[],"yoast_head":"<!-- This site is optimized with the Yoast SEO plugin v25.6 - https:\/\/yoast.com\/wordpress\/plugins\/seo\/ -->\n<title>Abogado en Charleston, SC, experto en lesiones personales | Accidentes automovil\u00edsticos en West Ashley, demandas<\/title>\n<meta name=\"description\" content=\"\u00bfSe ha lesionado usted en Charleston? En el bufete legal Taylor Anderson Law Firm, representamos a v\u00edctimas de lesiones personales y accidentes automovil\u00edsticos, as\u00ed como a demandantes y reclamantes por negligencia. \u00a1Ll\u00e1menos hoy mismo!\" \/>\n<meta name=\"robots\" content=\"index, follow, max-snippet:-1, max-image-preview:large, max-video-preview:-1\" \/>\n<link rel=\"canonical\" href=\"https:\/\/www.andersonlawfirm.law\/es\/\" \/>\n<meta property=\"og:locale\" content=\"es_ES\" \/>\n<meta property=\"og:type\" content=\"article\" \/>\n<meta property=\"og:title\" content=\"Abogado en Charleston, SC, experto en lesiones personales | Accidentes automovil\u00edsticos en West Ashley, demandas\" \/>\n<meta property=\"og:description\" content=\"\u00bfSe ha lesionado usted en Charleston? En el bufete legal Taylor Anderson Law Firm, representamos a v\u00edctimas de lesiones personales y accidentes automovil\u00edsticos, as\u00ed como a demandantes y reclamantes por negligencia. \u00a1Ll\u00e1menos hoy mismo!\" \/>\n<meta property=\"og:url\" content=\"https:\/\/www.andersonlawfirm.law\/es\/\" \/>\n<meta property=\"og:site_name\" content=\"Taylor Anderson Law Firm\" \/>\n<meta property=\"article:modified_time\" content=\"2023-03-15T09:28:50+00:00\" \/>\n<meta property=\"og:image\" content=\"https:\/\/www.andersonlawfirm.law\/wp-content\/uploads\/2017\/12\/Charleston4.jpg\" \/>\n\t<meta property=\"og:image:width\" content=\"1920\" \/>\n\t<meta property=\"og:image:height\" content=\"872\" \/>\n\t<meta property=\"og:image:type\" content=\"image\/jpeg\" \/>\n<meta name=\"twitter:card\" content=\"summary_large_image\" \/>\n<meta name=\"twitter:label1\" content=\"Tiempo de lectura\" \/>\n\t<meta name=\"twitter:data1\" content=\"2 minutos\" \/>\n<!-- \/ Yoast SEO plugin. -->","yoast_head_json":{"title":"Abogado en Charleston, SC, experto en lesiones personales | Accidentes automovil\u00edsticos en West Ashley, demandas","description":"\u00bfSe ha lesionado usted en Charleston? En el bufete legal Taylor Anderson Law Firm, representamos a v\u00edctimas de lesiones personales y accidentes automovil\u00edsticos, as\u00ed como a demandantes y reclamantes por negligencia. \u00a1Ll\u00e1menos hoy mismo!","robots":{"index":"index","follow":"follow","max-snippet":"max-snippet:-1","max-image-preview":"max-image-preview:large","max-video-preview":"max-video-preview:-1"},"canonical":"https:\/\/www.andersonlawfirm.law\/es\/","og_locale":"es_ES","og_type":"article","og_title":"Abogado en Charleston, SC, experto en lesiones personales | Accidentes automovil\u00edsticos en West Ashley, demandas","og_description":"\u00bfSe ha lesionado usted en Charleston? En el bufete legal Taylor Anderson Law Firm, representamos a v\u00edctimas de lesiones personales y accidentes automovil\u00edsticos, as\u00ed como a demandantes y reclamantes por negligencia. \u00a1Ll\u00e1menos hoy mismo!","og_url":"https:\/\/www.andersonlawfirm.law\/es\/","og_site_name":"Taylor Anderson Law Firm","article_modified_time":"2023-03-15T09:28:50+00:00","og_image":[{"width":1920,"height":872,"url":"https:\/\/www.andersonlawfirm.law\/wp-content\/uploads\/2017\/12\/Charleston4.jpg","type":"image\/jpeg"}],"twitter_card":"summary_large_image","twitter_misc":{"Tiempo de lectura":"2 minutos"},"schema":{"@context":"https:\/\/schema.org","@graph":[{"@type":"WebPage","@id":"https:\/\/www.andersonlawfirm.law\/es\/","url":"https:\/\/www.andersonlawfirm.law\/es\/","name":"Abogado en Charleston, SC, experto en lesiones personales | Accidentes automovil\u00edsticos en West Ashley, demandas","isPartOf":{"@id":"https:\/\/www.andersonlawfirm.law\/es\/#website"},"primaryImageOfPage":{"@id":"https:\/\/www.andersonlawfirm.law\/es\/#primaryimage"},"image":{"@id":"https:\/\/www.andersonlawfirm.law\/es\/#primaryimage"},"thumbnailUrl":"https:\/\/www.andersonlawfirm.law\/wp-content\/uploads\/2017\/12\/Charleston4.jpg","datePublished":"2017-12-05T07:39:54+00:00","dateModified":"2023-03-15T09:28:50+00:00","description":"\u00bfSe ha lesionado usted en Charleston? En el bufete legal Taylor Anderson Law Firm, representamos a v\u00edctimas de lesiones personales y accidentes automovil\u00edsticos, as\u00ed como a demandantes y reclamantes por negligencia. \u00a1Ll\u00e1menos hoy mismo!","breadcrumb":{"@id":"https:\/\/www.andersonlawfirm.law\/es\/#breadcrumb"},"inLanguage":"es","potentialAction":[{"@type":"ReadAction","target":["https:\/\/www.andersonlawfirm.law\/es\/"]}]},{"@type":"ImageObject","inLanguage":"es","@id":"https:\/\/www.andersonlawfirm.law\/es\/#primaryimage","url":"https:\/\/www.andersonlawfirm.law\/wp-content\/uploads\/2017\/12\/Charleston4.jpg","contentUrl":"https:\/\/www.andersonlawfirm.law\/wp-content\/uploads\/2017\/12\/Charleston4.jpg","width":1920,"height":872,"caption":"Charleston, West Virginia, USA skyline on the Kanawha River."},{"@type":"BreadcrumbList","@id":"https:\/\/www.andersonlawfirm.law\/es\/#breadcrumb","itemListElement":[{"@type":"ListItem","position":1,"name":"Home","item":"https:\/\/www.andersonlawfirm.law\/es\/"},{"@type":"ListItem","position":2,"name":"Home"}]},{"@type":"WebSite","@id":"https:\/\/www.andersonlawfirm.law\/es\/#website","url":"https:\/\/www.andersonlawfirm.law\/es\/","name":"Taylor Anderson Law Firm","description":"","potentialAction":[{"@type":"SearchAction","target":{"@type":"EntryPoint","urlTemplate":"https:\/\/www.andersonlawfirm.law\/es\/?s={search_term_string}"},"query-input":{"@type":"PropertyValueSpecification","valueRequired":true,"valueName":"search_term_string"}}],"inLanguage":"es"}]}},"_links":{"self":[{"href":"https:\/\/www.andersonlawfirm.law\/es\/wp-json\/wp\/v2\/pages\/24656","targetHints":{"allow":["GET"]}}],"collection":[{"href":"https:\/\/www.andersonlawfirm.law\/es\/wp-json\/wp\/v2\/pages"}],"about":[{"href":"https:\/\/www.andersonlawfirm.law\/es\/wp-json\/wp\/v2\/types\/page"}],"author":[{"embeddable":true,"href":"https:\/\/www.andersonlawfirm.law\/es\/wp-json\/wp\/v2\/users\/1"}],"replies":[{"embeddable":true,"href":"https:\/\/www.andersonlawfirm.law\/es\/wp-json\/wp\/v2\/comments?post=24656"}],"version-history":[{"count":2,"href":"https:\/\/www.andersonlawfirm.law\/es\/wp-json\/wp\/v2\/pages\/24656\/revisions"}],"predecessor-version":[{"id":24658,"href":"https:\/\/www.andersonlawfirm.law\/es\/wp-json\/wp\/v2\/pages\/24656\/revisions\/24658"}],"wp:featuredmedia":[{"embeddable":true,"href":"https:\/\/www.andersonlawfirm.law\/es\/wp-json\/wp\/v2\/media\/24602"}],"wp:attachment":[{"href":"https:\/\/www.andersonlawfirm.law\/es\/wp-json\/wp\/v2\/media?parent=24656"}],"curies":[{"name":"wp","href":"https:\/\/api.w.org\/{rel}","templated":true}]}}