{"id":24660,"date":"2017-12-11T16:18:31","date_gmt":"2017-12-11T16:18:31","guid":{"rendered":"https:\/\/www.andersonlawfirm.law\/?page_id=24660"},"modified":"2023-03-17T14:05:37","modified_gmt":"2023-03-17T14:05:37","slug":"accidentes-de-vehiculos-motorizados","status":"publish","type":"page","link":"https:\/\/www.andersonlawfirm.law\/es\/accidentes-vehiculos-motor\/","title":{"rendered":"Accidentes de veh\u00edculos motorizados"},"content":{"rendered":"<h1>ABOGADO EXPERTO EN LESIONES POR ACCIDENTES AUTOMOVIL\u00cdSTICOS UBICADO EN CHARLESTON, CAROLINA DEL SUR<\/h1>\n<p>Taylor Anderson es un experimentado abogado de Charleston, que atiende a clientes que han sufrido lesiones en accidentes automovil\u00edsticos en Carolina del Sur o Georgia. Desde incidentes menores hasta aquellos que ocasionan lesiones m\u00e1s graves, el Departamento de Seguridad P\u00fablica de Carolina del Sur informa que, aproximadamente cada 5 minutos, se produce un accidente automovil\u00edstico en todo el estado. Desgraciadamente, las estad\u00edsticas indican que, cada 10 horas, uno de estos eventos tiene como resultado, un desenlace fatal. Teniendo en cuenta el creciente n\u00famero de pasajeros, conductores, peatones y ciclistas que cada d\u00eda utilizan las carreteras, es muy probable que estos n\u00fameros aumenten. Debido a las diferentes complejidades relacionadas con cada accidente automovil\u00edstico y las reclamaciones por lesiones que se producen como consecuencia de \u00e9stos, incluyendo los elevados costos financieros y emocionales asociados, es important\u00edsimo ponerse en contacto con un abogado que tenga experiencia en lesiones por este tipo de acontecimientos. Si usted ha resultado herido tras un choque de coches, no dude en ponerse en contacto con <a href=\"https:\/\/www.andersonlawfirm.law\/es\/\">Taylor Anderson, abogado en Charleston<\/a>, experto en lesiones por accidentes automovil\u00edsticos.<\/p>\n<p>Las lesiones f\u00edsicas que se pueden sufrir como consecuencia de un accidente automovil\u00edstico se clasifican, generalmente, en las siguientes categor\u00edas:<\/p>\n<ul>\n<li><strong>Lesiones en cabeza y espalda:<\/strong> las lesiones en la cabeza pueden abarcar desde una leve conmoci\u00f3n cerebral hasta un traumatismo craneoencef\u00e1lico grave o TBI, por sus siglas en ingl\u00e9s. Las lesiones de espalda por un accidente automovil\u00edstico pueden ir desde el abultamiento o herniaci\u00f3n de discos, hasta lesiones severas de la m\u00e9dula espinal.<\/li>\n<li><strong>Lesiones en cuello y pecho:<\/strong> si bien el impacto durante un accidente automovil\u00edstico puede da\u00f1ar los m\u00fasculos y ligamentos del cuello, el movimiento a modo de latigazo cervical tambi\u00e9n puede provocar la par\u00e1lisis de las cuerdas vocales. De igual manera, un fuerte golpe en el pecho puede provocar la fractura de costillas, da\u00f1o pulmonar o incluso paro card\u00edaco.<\/li>\n<li><strong>Lesiones en extremidades o amputaciones:<\/strong> las piernas, brazos, manos y pies son especialmente susceptibles de sufrir heridas en cualquier accidente automovil\u00edstico. Sin embargo, en el caso de ciclistas, motociclistas y peatones, estas lesiones suelen ser a\u00fan m\u00e1s graves y pueden traducirse en la amputaci\u00f3n de una extremidad o incluso la muerte.<\/li>\n<\/ul>\n<p>Si usted ha resultado herido durante un choque de coches, le recomendamos que se ponga en contacto con un abogado experto en accidentes automovil\u00edsticos. Dependiendo de la gravedad de las lesiones sufridas, podr\u00eda requerir atenci\u00f3n m\u00e9dica de emergencia, terapia continua, rehabilitaci\u00f3n, cirug\u00eda, o incluso la posibilidad de sufrir una discapacidad permanente.<\/p>\n<p>Tanto si usted debe enfrentarse a numerosas cirug\u00edas y fisioterapias, como si se ve afectado por prolongados periodos de baja laboral, Taylor Anderson, abogado de Charleston y experto en lesiones por accidentes automovil\u00edsticos, est\u00e1 a su disposici\u00f3n para ayudarle a obtener justicia y el mejor resultado posible para su caso. Si usted ha resultado herido durante un accidente automovil\u00edstico grave en Charleston, West Ashley, James Island, Folly Beach, Johns Island o en cualquier lugar de Carolina del Sur o Georgia, comun\u00edquese con el bufete legal Taylor Anderson Law Firm, y le asesoraremos. Taylor es un experimentado abogado, especialista en accidentes automovil\u00edsticos, bien versado en la legislaci\u00f3n involucrada en este tipo de incidentes y en la consecuci\u00f3n de indemnizaciones, por lo que aplicar\u00e1 todo su conocimiento y pericia legal en ayudarle a obtener la compensaci\u00f3n que usted necesita y merece.<\/p>\n<h2>Abogado En Charleston Experto En Lesiones Graves Por Accidentes Automovil\u00edsticos<\/h2>\n<p>Desde la conducci\u00f3n temeraria o bajo los efectos del alcohol, hasta las distracciones por enviar mensajes de texto o por cometer otras infracciones de tr\u00e1fico, son m\u00faltiples las causas que provocan los accidentes automovil\u00edsticos por los que cada d\u00eda, las personas en Carolina del Sur contin\u00faan sufriendo lesiones graves o incluso la muerte. De hecho, la tasa de mortalidad por accidentes de tr\u00e1fico en el estado es casi el doble que el promedio nacional, seg\u00fan informa la Administraci\u00f3n Nacional de Seguridad del Tr\u00e1fico en Carreteras (o NHTSA, por sus siglas en ingl\u00e9s). Por ello, si usted o un ser querido han sido v\u00edctimas de un grave choque de coches, conf\u00ede en Taylor Anderson Law Firm, el bufete legal en Charleston experto en accidentes automovil\u00edsticos, que le ayudar\u00e1 a recorrer el dif\u00edcil y complejo camino al que se puede enfrentar por las lesiones sufridas.<\/p>\n<ul class=\"row style-1\">\n<li><a href=\"https:\/\/www.andersonlawfirm.law\/es\/conductor-sin-seguro\/\">Conductor sin seguro<\/a><\/li>\n<li><a href=\"https:\/\/www.andersonlawfirm.law\/es\/conductor-seguro-insuficiente\/\">Conductor seguro insuficiente<\/a><\/li>\n<li><a href=\"https:\/\/www.andersonlawfirm.law\/es\/textear-conduciendo\/\">Textear conduciendo<\/a><\/li>\n<li><a href=\"https:\/\/www.andersonlawfirm.law\/es\/lesiones-personales\/accidentes-automovilisticos\/accidentes-camiones\/\">Accidentes camiones<\/a><\/li>\n<li><a href=\"https:\/\/www.andersonlawfirm.law\/es\/accidentes-motos\/\">Accidentes motos<\/a><\/li>\n<li><a href=\"https:\/\/www.andersonlawfirm.law\/es\/accidentes-conductor-ebrio\/\">Accidentes conductor ebrio<\/a><\/li>\n<li><a href=\"https:\/\/www.andersonlawfirm.law\/es\/que-hacer-despues-de-accidente-automovilistico\/\">Qu\u00e9 hacer despu\u00e9s de accidente automovil\u00edstico<\/a><\/li>\n<\/ul>\n<p>P\u00f3ngase en <a href=\"https:\/\/www.andersonlawfirm.law\/es\/comun%C3%ADquese-bufete-anderson-law-firm\/\">contacto<\/a> hoy mismo con Taylor Anderson, el abogado de Charleston experto en lesiones por accidentes automovil\u00edsticos, y programe una primera consulta. Si usted necesita asesoramiento legal confiable y cualificado para realizar su reclamaci\u00f3n por las lesiones sufridas como consecuencia de un accidente de tr\u00e1fico, en el bufete legal de Charleston, Taylor Anderson Law Firm, contamos con una gran experiencia en accidentes automovil\u00edsticos y estamos dispuestos a representarle.<\/p>\n","protected":false},"excerpt":{"rendered":"<p>ABOGADO EXPERTO EN LESIONES POR ACCIDENTES AUTOMOVIL\u00cdSTICOS UBICADO EN CHARLESTON, CAROLINA DEL SUR Taylor Anderson es un experimentado abogado de Charleston, que atiende a clientes que han sufrido lesiones en accidentes automovil\u00edsticos en Carolina del Sur o Georgia. Desde incidentes menores hasta aquellos que ocasionan lesiones m\u00e1s graves, el Departamento de Seguridad P\u00fablica de Carolina&hellip; <a href=\"https:\/\/www.andersonlawfirm.law\/es\/accidentes-vehiculos-motor\/\" class=\"more-link\">Continue reading<span class=\"sr-only\">about Accidentes de veh\u00edculos motorizados<\/span><\/a><\/p>\n","protected":false},"author":1,"featured_media":24590,"parent":24698,"menu_order":0,"comment_status":"closed","ping_status":"closed","template":"","meta":{"_acf_changed":false,"footnotes":""},"class_list":["post-24660","page","type-page","status-publish","has-post-thumbnail","hentry"],"acf":[],"yoast_head":"<!-- This site is optimized with the Yoast SEO plugin v25.6 - https:\/\/yoast.com\/wordpress\/plugins\/seo\/ -->\n<title>Abogado en Charleston, SC, experto en lesiones por accidentes automovil\u00edsticos | Accidentes en West Ashley, James Island<\/title>\n<meta name=\"description\" content=\"\u00bfSe ha lesionado usted en un accidente automovil\u00edstico grave en Charleston o West Ashley? \u00a1Llame hoy mismo al bufete legal Taylor Anderson Law Firm, y le ayudaremos y defenderemos en\u00e9rgicamente para obtener la compensaci\u00f3n que necesita!\" \/>\n<meta name=\"robots\" content=\"index, follow, max-snippet:-1, max-image-preview:large, max-video-preview:-1\" \/>\n<link rel=\"canonical\" href=\"https:\/\/www.andersonlawfirm.law\/es\/accidentes-vehiculos-motor\/\" \/>\n<meta property=\"og:locale\" content=\"es_ES\" \/>\n<meta property=\"og:type\" content=\"article\" \/>\n<meta property=\"og:title\" content=\"Abogado en Charleston, SC, experto en lesiones por accidentes automovil\u00edsticos | Accidentes en West Ashley, James Island\" \/>\n<meta property=\"og:description\" content=\"\u00bfSe ha lesionado usted en un accidente automovil\u00edstico grave en Charleston o West Ashley? \u00a1Llame hoy mismo al bufete legal Taylor Anderson Law Firm, y le ayudaremos y defenderemos en\u00e9rgicamente para obtener la compensaci\u00f3n que necesita!\" \/>\n<meta property=\"og:url\" content=\"https:\/\/www.andersonlawfirm.law\/es\/accidentes-vehiculos-motor\/\" \/>\n<meta property=\"og:site_name\" content=\"Taylor Anderson Law Firm\" \/>\n<meta property=\"article:modified_time\" content=\"2023-03-17T14:05:37+00:00\" \/>\n<meta property=\"og:image\" content=\"https:\/\/www.andersonlawfirm.law\/wp-content\/uploads\/2017\/12\/MOTOR-VEHICLE-ACCIDENTS.jpg\" \/>\n\t<meta property=\"og:image:width\" content=\"1920\" \/>\n\t<meta property=\"og:image:height\" content=\"800\" \/>\n\t<meta property=\"og:image:type\" content=\"image\/jpeg\" \/>\n<meta name=\"twitter:card\" content=\"summary_large_image\" \/>\n<meta name=\"twitter:label1\" content=\"Tiempo de lectura\" \/>\n\t<meta name=\"twitter:data1\" content=\"4 minutos\" \/>\n<!-- \/ Yoast SEO plugin. -->","yoast_head_json":{"title":"Abogado en Charleston, SC, experto en lesiones por accidentes automovil\u00edsticos | Accidentes en West Ashley, James Island","description":"\u00bfSe ha lesionado usted en un accidente automovil\u00edstico grave en Charleston o West Ashley? \u00a1Llame hoy mismo al bufete legal Taylor Anderson Law Firm, y le ayudaremos y defenderemos en\u00e9rgicamente para obtener la compensaci\u00f3n que necesita!","robots":{"index":"index","follow":"follow","max-snippet":"max-snippet:-1","max-image-preview":"max-image-preview:large","max-video-preview":"max-video-preview:-1"},"canonical":"https:\/\/www.andersonlawfirm.law\/es\/accidentes-vehiculos-motor\/","og_locale":"es_ES","og_type":"article","og_title":"Abogado en Charleston, SC, experto en lesiones por accidentes automovil\u00edsticos | Accidentes en West Ashley, James Island","og_description":"\u00bfSe ha lesionado usted en un accidente automovil\u00edstico grave en Charleston o West Ashley? \u00a1Llame hoy mismo al bufete legal Taylor Anderson Law Firm, y le ayudaremos y defenderemos en\u00e9rgicamente para obtener la compensaci\u00f3n que necesita!","og_url":"https:\/\/www.andersonlawfirm.law\/es\/accidentes-vehiculos-motor\/","og_site_name":"Taylor Anderson Law Firm","article_modified_time":"2023-03-17T14:05:37+00:00","og_image":[{"width":1920,"height":800,"url":"https:\/\/www.andersonlawfirm.law\/wp-content\/uploads\/2017\/12\/MOTOR-VEHICLE-ACCIDENTS.jpg","type":"image\/jpeg"}],"twitter_card":"summary_large_image","twitter_misc":{"Tiempo de lectura":"4 minutos"},"schema":{"@context":"https:\/\/schema.org","@graph":[{"@type":"WebPage","@id":"https:\/\/www.andersonlawfirm.law\/es\/accidentes-vehiculos-motor\/","url":"https:\/\/www.andersonlawfirm.law\/es\/accidentes-vehiculos-motor\/","name":"Abogado en Charleston, SC, experto en lesiones por accidentes automovil\u00edsticos | Accidentes en West Ashley, James Island","isPartOf":{"@id":"https:\/\/www.andersonlawfirm.law\/es\/#website"},"primaryImageOfPage":{"@id":"https:\/\/www.andersonlawfirm.law\/es\/accidentes-vehiculos-motor\/#primaryimage"},"image":{"@id":"https:\/\/www.andersonlawfirm.law\/es\/accidentes-vehiculos-motor\/#primaryimage"},"thumbnailUrl":"https:\/\/www.andersonlawfirm.law\/wp-content\/uploads\/2017\/12\/MOTOR-VEHICLE-ACCIDENTS.jpg","datePublished":"2017-12-11T16:18:31+00:00","dateModified":"2023-03-17T14:05:37+00:00","description":"\u00bfSe ha lesionado usted en un accidente automovil\u00edstico grave en Charleston o West Ashley? \u00a1Llame hoy mismo al bufete legal Taylor Anderson Law Firm, y le ayudaremos y defenderemos en\u00e9rgicamente para obtener la compensaci\u00f3n que necesita!","breadcrumb":{"@id":"https:\/\/www.andersonlawfirm.law\/es\/accidentes-vehiculos-motor\/#breadcrumb"},"inLanguage":"es","potentialAction":[{"@type":"ReadAction","target":["https:\/\/www.andersonlawfirm.law\/es\/accidentes-vehiculos-motor\/"]}]},{"@type":"ImageObject","inLanguage":"es","@id":"https:\/\/www.andersonlawfirm.law\/es\/accidentes-vehiculos-motor\/#primaryimage","url":"https:\/\/www.andersonlawfirm.law\/wp-content\/uploads\/2017\/12\/MOTOR-VEHICLE-ACCIDENTS.jpg","contentUrl":"https:\/\/www.andersonlawfirm.law\/wp-content\/uploads\/2017\/12\/MOTOR-VEHICLE-ACCIDENTS.jpg","width":1920,"height":800,"caption":"Un bombero se encuentra cerca de dos veh\u00edculos muy da\u00f1ados, uno de los cuales est\u00e1 volcado, en la escena de un accidente automovil\u00edstico."},{"@type":"BreadcrumbList","@id":"https:\/\/www.andersonlawfirm.law\/es\/accidentes-vehiculos-motor\/#breadcrumb","itemListElement":[{"@type":"ListItem","position":1,"name":"Home","item":"https:\/\/www.andersonlawfirm.law\/es\/"},{"@type":"ListItem","position":2,"name":"Practice Areas","item":"https:\/\/www.andersonlawfirm.law\/es\/personal-injury\/"},{"@type":"ListItem","position":3,"name":"Accidentes de veh\u00edculos motorizados"}]},{"@type":"WebSite","@id":"https:\/\/www.andersonlawfirm.law\/es\/#website","url":"https:\/\/www.andersonlawfirm.law\/es\/","name":"Taylor Anderson Law Firm","description":"","potentialAction":[{"@type":"SearchAction","target":{"@type":"EntryPoint","urlTemplate":"https:\/\/www.andersonlawfirm.law\/es\/?s={search_term_string}"},"query-input":{"@type":"PropertyValueSpecification","valueRequired":true,"valueName":"search_term_string"}}],"inLanguage":"es"}]}},"_links":{"self":[{"href":"https:\/\/www.andersonlawfirm.law\/es\/wp-json\/wp\/v2\/pages\/24660","targetHints":{"allow":["GET"]}}],"collection":[{"href":"https:\/\/www.andersonlawfirm.law\/es\/wp-json\/wp\/v2\/pages"}],"about":[{"href":"https:\/\/www.andersonlawfirm.law\/es\/wp-json\/wp\/v2\/types\/page"}],"author":[{"embeddable":true,"href":"https:\/\/www.andersonlawfirm.law\/es\/wp-json\/wp\/v2\/users\/1"}],"replies":[{"embeddable":true,"href":"https:\/\/www.andersonlawfirm.law\/es\/wp-json\/wp\/v2\/comments?post=24660"}],"version-history":[{"count":5,"href":"https:\/\/www.andersonlawfirm.law\/es\/wp-json\/wp\/v2\/pages\/24660\/revisions"}],"predecessor-version":[{"id":24751,"href":"https:\/\/www.andersonlawfirm.law\/es\/wp-json\/wp\/v2\/pages\/24660\/revisions\/24751"}],"up":[{"embeddable":true,"href":"https:\/\/www.andersonlawfirm.law\/es\/wp-json\/wp\/v2\/pages\/24698"}],"wp:featuredmedia":[{"embeddable":true,"href":"https:\/\/www.andersonlawfirm.law\/es\/wp-json\/wp\/v2\/media\/24590"}],"wp:attachment":[{"href":"https:\/\/www.andersonlawfirm.law\/es\/wp-json\/wp\/v2\/media?parent=24660"}],"curies":[{"name":"wp","href":"https:\/\/api.w.org\/{rel}","templated":true}]}}