{"id":24663,"date":"2017-12-11T16:20:33","date_gmt":"2017-12-11T16:20:33","guid":{"rendered":"https:\/\/www.andersonlawfirm.law\/?page_id=24663"},"modified":"2023-03-17T14:20:14","modified_gmt":"2023-03-17T14:20:14","slug":"conductor-sin-seguro","status":"publish","type":"page","link":"https:\/\/www.andersonlawfirm.law\/es\/conductor-sin-seguro\/","title":{"rendered":"Conductor sin seguro"},"content":{"rendered":"<h1>ABOGADO EXPERTO EN ACCIDENTES DE CONDUCTORES SIN SEGURO<\/h1>\n<p>\u00bfQu\u00e9 puede significar para una inocente v\u00edctima, el estar involucrada en un accidente con un conductor que no tiene seguro? Por lo general, aquellas personas que resultan lesionadas en un <a href=\"https:\/\/www.andersonlawfirm.law\/es\/accidentes-vehiculos-motor\/\">accidente automovil\u00edstico<\/a> por un conductor que carece de seguro, deben ser compensadas por su propia compa\u00f1\u00eda de seguros, y esto es gracias a la cobertura que, para tal efecto, a\u00f1aden autom\u00e1ticamente las p\u00f3lizas de seguro de responsabilidad civil, en el momento de su adquisici\u00f3n<\/p>\n<p>A pesar de ello, lo que pudiera parecer un proceso sencillo, en ocasiones se convierte f\u00e1cilmente en algo desalentador, ya que las compa\u00f1\u00edas de seguros procuran en todo momento limitar su responsabilidad. Por esta raz\u00f3n, si usted ha sufrido lesiones durante un suceso de estas caracter\u00edsticas, es recomendable que busque de inmediato el asesoramiento legal de un reconocido abogado experto en accidentes con conductores sin seguro en Charleston, West Ashley o James Island.<\/p>\n<p>En el bufete legal Taylor Anderson Law Firm, brindamos continuamente nuestra experimentada y en\u00e9rgica representaci\u00f3n a aquellas v\u00edctimas de lesiones por accidentes automovil\u00edsticos que involucran a conductores sin seguro. Si usted desea una revisi\u00f3n gratuita de su caso, comun\u00edquese hoy mismo con Taylor.<\/p>\n<h2>\u00bfHA SUFRIDO USTED LESIONES POR CULPA DE UN CONDUCTOR SIN SEGURO?<\/h2>\n<p>Si usted ha sufrido lesiones como consecuencia de un accidente automovil\u00edstico en el que estaba involucrado un conductor sin seguro, puede pensar que trabajar con su propia compa\u00f1\u00eda de seguros para obtener una compensaci\u00f3n ser\u00e1 una tarea simple. Sin embargo, es importante que sea consciente de que, incluso su propia compa\u00f1\u00eda de seguros puede subestimar su reclamaci\u00f3n y pagarle menos de lo que realmente le corresponde.<\/p>\n<p>En el bufete legal Taylor Anderson Law Firm, representamos con habilidad a aquellas personas que sufren lesiones en un accidente automovil\u00edstico donde el responsable es un conductor que no tiene seguro, y estamos a su entera disposici\u00f3n para asesorarle en todos los aspectos que necesite sobre su caso, incluyendo la negociaci\u00f3n sobre acuerdos y litigios, si fuera necesario. Para realizar una consulta gratuita y analizar las opciones de que dispone, <a href=\"https:\/\/www.andersonlawfirm.law\/es\/comun%C3%ADquese-bufete-anderson-law-firm\/\">comun\u00edquese<\/a> hoy mismo con el bufete legal Taylor Anderson Law Firm.<\/p>\n","protected":false},"excerpt":{"rendered":"<p>ABOGADO EXPERTO EN ACCIDENTES DE CONDUCTORES SIN SEGURO \u00bfQu\u00e9 puede significar para una inocente v\u00edctima, el estar involucrada en un accidente con un conductor que no tiene seguro? Por lo general, aquellas personas que resultan lesionadas en un accidente automovil\u00edstico por un conductor que carece de seguro, deben ser compensadas por su propia compa\u00f1\u00eda de&hellip; <a href=\"https:\/\/www.andersonlawfirm.law\/es\/conductor-sin-seguro\/\" class=\"more-link\">Continue reading<span class=\"sr-only\">about Conductor sin seguro<\/span><\/a><\/p>\n","protected":false},"author":1,"featured_media":24590,"parent":24660,"menu_order":0,"comment_status":"closed","ping_status":"closed","template":"","meta":{"_acf_changed":false,"footnotes":""},"class_list":["post-24663","page","type-page","status-publish","has-post-thumbnail","hentry"],"acf":[],"yoast_head":"<!-- This site is optimized with the Yoast SEO plugin v25.6 - https:\/\/yoast.com\/wordpress\/plugins\/seo\/ -->\n<title>Abogado en Charleston experto en accidentes con conductores sin seguro | Accidentes en West Ashley<\/title>\n<meta name=\"description\" content=\"\u00bfHa resultado usted herido en un accidente automovil\u00edstico en Charleston, West Ashley o James Island, en el que el responsable era un conductor sin seguro? \u00a1Llame hoy mismo al bufete legal Taylor Anderson Law Firm, y estudiaremos su caso!\" \/>\n<meta name=\"robots\" content=\"index, follow, max-snippet:-1, max-image-preview:large, max-video-preview:-1\" \/>\n<link rel=\"canonical\" href=\"https:\/\/www.andersonlawfirm.law\/es\/conductor-sin-seguro\/\" \/>\n<meta property=\"og:locale\" content=\"es_ES\" \/>\n<meta property=\"og:type\" content=\"article\" \/>\n<meta property=\"og:title\" content=\"Abogado en Charleston experto en accidentes con conductores sin seguro | Accidentes en West Ashley\" \/>\n<meta property=\"og:description\" content=\"\u00bfHa resultado usted herido en un accidente automovil\u00edstico en Charleston, West Ashley o James Island, en el que el responsable era un conductor sin seguro? \u00a1Llame hoy mismo al bufete legal Taylor Anderson Law Firm, y estudiaremos su caso!\" \/>\n<meta property=\"og:url\" content=\"https:\/\/www.andersonlawfirm.law\/es\/conductor-sin-seguro\/\" \/>\n<meta property=\"og:site_name\" content=\"Taylor Anderson Law Firm\" \/>\n<meta property=\"article:modified_time\" content=\"2023-03-17T14:20:14+00:00\" \/>\n<meta property=\"og:image\" content=\"https:\/\/www.andersonlawfirm.law\/wp-content\/uploads\/2017\/12\/MOTOR-VEHICLE-ACCIDENTS.jpg\" \/>\n\t<meta property=\"og:image:width\" content=\"1920\" \/>\n\t<meta property=\"og:image:height\" content=\"800\" \/>\n\t<meta property=\"og:image:type\" content=\"image\/jpeg\" \/>\n<meta name=\"twitter:card\" content=\"summary_large_image\" \/>\n<meta name=\"twitter:label1\" content=\"Tiempo de lectura\" \/>\n\t<meta name=\"twitter:data1\" content=\"2 minutos\" \/>\n<!-- \/ Yoast SEO plugin. -->","yoast_head_json":{"title":"Abogado en Charleston experto en accidentes con conductores sin seguro | Accidentes en West Ashley","description":"\u00bfHa resultado usted herido en un accidente automovil\u00edstico en Charleston, West Ashley o James Island, en el que el responsable era un conductor sin seguro? \u00a1Llame hoy mismo al bufete legal Taylor Anderson Law Firm, y estudiaremos su caso!","robots":{"index":"index","follow":"follow","max-snippet":"max-snippet:-1","max-image-preview":"max-image-preview:large","max-video-preview":"max-video-preview:-1"},"canonical":"https:\/\/www.andersonlawfirm.law\/es\/conductor-sin-seguro\/","og_locale":"es_ES","og_type":"article","og_title":"Abogado en Charleston experto en accidentes con conductores sin seguro | Accidentes en West Ashley","og_description":"\u00bfHa resultado usted herido en un accidente automovil\u00edstico en Charleston, West Ashley o James Island, en el que el responsable era un conductor sin seguro? \u00a1Llame hoy mismo al bufete legal Taylor Anderson Law Firm, y estudiaremos su caso!","og_url":"https:\/\/www.andersonlawfirm.law\/es\/conductor-sin-seguro\/","og_site_name":"Taylor Anderson Law Firm","article_modified_time":"2023-03-17T14:20:14+00:00","og_image":[{"width":1920,"height":800,"url":"https:\/\/www.andersonlawfirm.law\/wp-content\/uploads\/2017\/12\/MOTOR-VEHICLE-ACCIDENTS.jpg","type":"image\/jpeg"}],"twitter_card":"summary_large_image","twitter_misc":{"Tiempo de lectura":"2 minutos"},"schema":{"@context":"https:\/\/schema.org","@graph":[{"@type":"WebPage","@id":"https:\/\/www.andersonlawfirm.law\/es\/conductor-sin-seguro\/","url":"https:\/\/www.andersonlawfirm.law\/es\/conductor-sin-seguro\/","name":"Abogado en Charleston experto en accidentes con conductores sin seguro | Accidentes en West Ashley","isPartOf":{"@id":"https:\/\/www.andersonlawfirm.law\/es\/#website"},"primaryImageOfPage":{"@id":"https:\/\/www.andersonlawfirm.law\/es\/conductor-sin-seguro\/#primaryimage"},"image":{"@id":"https:\/\/www.andersonlawfirm.law\/es\/conductor-sin-seguro\/#primaryimage"},"thumbnailUrl":"https:\/\/www.andersonlawfirm.law\/wp-content\/uploads\/2017\/12\/MOTOR-VEHICLE-ACCIDENTS.jpg","datePublished":"2017-12-11T16:20:33+00:00","dateModified":"2023-03-17T14:20:14+00:00","description":"\u00bfHa resultado usted herido en un accidente automovil\u00edstico en Charleston, West Ashley o James Island, en el que el responsable era un conductor sin seguro? \u00a1Llame hoy mismo al bufete legal Taylor Anderson Law Firm, y estudiaremos su caso!","breadcrumb":{"@id":"https:\/\/www.andersonlawfirm.law\/es\/conductor-sin-seguro\/#breadcrumb"},"inLanguage":"es","potentialAction":[{"@type":"ReadAction","target":["https:\/\/www.andersonlawfirm.law\/es\/conductor-sin-seguro\/"]}]},{"@type":"ImageObject","inLanguage":"es","@id":"https:\/\/www.andersonlawfirm.law\/es\/conductor-sin-seguro\/#primaryimage","url":"https:\/\/www.andersonlawfirm.law\/wp-content\/uploads\/2017\/12\/MOTOR-VEHICLE-ACCIDENTS.jpg","contentUrl":"https:\/\/www.andersonlawfirm.law\/wp-content\/uploads\/2017\/12\/MOTOR-VEHICLE-ACCIDENTS.jpg","width":1920,"height":800,"caption":"Un bombero se encuentra cerca de dos veh\u00edculos muy da\u00f1ados, uno de los cuales est\u00e1 volcado, en la escena de un accidente automovil\u00edstico."},{"@type":"BreadcrumbList","@id":"https:\/\/www.andersonlawfirm.law\/es\/conductor-sin-seguro\/#breadcrumb","itemListElement":[{"@type":"ListItem","position":1,"name":"Home","item":"https:\/\/www.andersonlawfirm.law\/es\/"},{"@type":"ListItem","position":2,"name":"Practice Areas","item":"https:\/\/www.andersonlawfirm.law\/es\/personal-injury\/"},{"@type":"ListItem","position":3,"name":"Accidentes de veh\u00edculos motorizados","item":"https:\/\/www.andersonlawfirm.law\/es\/accidentes-vehiculos-motor\/"},{"@type":"ListItem","position":4,"name":"Conductor sin seguro"}]},{"@type":"WebSite","@id":"https:\/\/www.andersonlawfirm.law\/es\/#website","url":"https:\/\/www.andersonlawfirm.law\/es\/","name":"Taylor Anderson Law Firm","description":"","potentialAction":[{"@type":"SearchAction","target":{"@type":"EntryPoint","urlTemplate":"https:\/\/www.andersonlawfirm.law\/es\/?s={search_term_string}"},"query-input":{"@type":"PropertyValueSpecification","valueRequired":true,"valueName":"search_term_string"}}],"inLanguage":"es"}]}},"_links":{"self":[{"href":"https:\/\/www.andersonlawfirm.law\/es\/wp-json\/wp\/v2\/pages\/24663","targetHints":{"allow":["GET"]}}],"collection":[{"href":"https:\/\/www.andersonlawfirm.law\/es\/wp-json\/wp\/v2\/pages"}],"about":[{"href":"https:\/\/www.andersonlawfirm.law\/es\/wp-json\/wp\/v2\/types\/page"}],"author":[{"embeddable":true,"href":"https:\/\/www.andersonlawfirm.law\/es\/wp-json\/wp\/v2\/users\/1"}],"replies":[{"embeddable":true,"href":"https:\/\/www.andersonlawfirm.law\/es\/wp-json\/wp\/v2\/comments?post=24663"}],"version-history":[{"count":3,"href":"https:\/\/www.andersonlawfirm.law\/es\/wp-json\/wp\/v2\/pages\/24663\/revisions"}],"predecessor-version":[{"id":24762,"href":"https:\/\/www.andersonlawfirm.law\/es\/wp-json\/wp\/v2\/pages\/24663\/revisions\/24762"}],"up":[{"embeddable":true,"href":"https:\/\/www.andersonlawfirm.law\/es\/wp-json\/wp\/v2\/pages\/24660"}],"wp:featuredmedia":[{"embeddable":true,"href":"https:\/\/www.andersonlawfirm.law\/es\/wp-json\/wp\/v2\/media\/24590"}],"wp:attachment":[{"href":"https:\/\/www.andersonlawfirm.law\/es\/wp-json\/wp\/v2\/media?parent=24663"}],"curies":[{"name":"wp","href":"https:\/\/api.w.org\/{rel}","templated":true}]}}