{"id":24665,"date":"2017-12-11T16:20:24","date_gmt":"2017-12-11T16:20:24","guid":{"rendered":"https:\/\/www.andersonlawfirm.law\/?page_id=24665"},"modified":"2023-03-17T14:18:58","modified_gmt":"2023-03-17T14:18:58","slug":"conductor-seguro-insuficiente","status":"publish","type":"page","link":"https:\/\/www.andersonlawfirm.law\/es\/conductor-seguro-insuficiente\/","title":{"rendered":"Conductor seguro insuficiente"},"content":{"rendered":"<h1>ABOGADO EXPERTO EN ACCIDENTES DE CONDUCTORES CON SEGURO INSUFICIENTE<\/h1>\n<p>En Carolina del Sur, los conductores necesitan tener una cobertura de seguro por responsabilidad civil de, como m\u00ednimo, $25,000. Teniendo en cuenta que los da\u00f1os asociados con un <a href=\"https:\/\/www.andersonlawfirm.law\/es\/accidentes-vehiculos-motor\/\">accidente automovil\u00edstico<\/a>, a menudo, exceden con creces esa cantidad, si el conductor responsable cuenta con un seguro de cobertura insuficiente, \u00e9ste no podr\u00e1 cubrir por completo con el monto total reclamado. En ese momento es cuando deber\u00e1 entrar en juego la cobertura a conductores con seguro insuficiente.<\/p>\n<p>Si usted como conductor, ha adquirido un seguro de cobertura insuficiente de su aseguradora, \u00e9sta deber\u00e1 compensarle por la diferencia entre lo que se le debe y lo que el seguro del conductor responsable le pague. Desafortunadamente, su propia compa\u00f1\u00eda de seguros puede intentar retrasar, negar o infravalorar su reclamaci\u00f3n, momento en que necesitar\u00e1 un abogado experimentado, que sepa tratar con las compa\u00f1\u00edas de seguros.<\/p>\n<h2>\u00bfHA SUFRIDO USTED LESIONES POR CULPA DE UN CONDUCTOR CON SEGURO INSUFICIENTE?<\/h2>\n<p>\u00bfHa sufrido usted lesiones en un accidente en Charleston, West Ashley, James Island, Folly Beach o en cualquier otro lugar de los estados de Carolina del Sur o Georgia, en que el responsable era un conductor con seguro de cobertura insuficiente? En el bufete legal Taylor Anderson Law Firm, somos conscientes de que la mayor\u00eda de las compa\u00f1\u00edas de seguros est\u00e1 m\u00e1s interesada en sus resultados econ\u00f3micos y operan escud\u00e1ndose en la letra peque\u00f1a de sus complejas p\u00f3lizas, para hacer que su reclamaci\u00f3n se retrasarse o incluso sea denegada por completo. Sin embargo, usted cuenta con opciones y Taylor Anderson puede ayudarle.<\/p>\n<p>Taylor proporciona una experimentada representaci\u00f3n, necesaria para proteger sus derechos y dar toda la informaci\u00f3n sobre los t\u00e9rminos de la p\u00f3liza, permitiendo as\u00ed presentar la correspondiente reclamaci\u00f3n. Por tanto, no pierda el tiempo con las sugerencias o ideas que los ajustadores de seguros le ofrecer\u00e1n despu\u00e9s de su accidente, y permita que Taylor Anderson use su experiencia para ayudarle y trabajar por usted en la obtenci\u00f3n de la justicia y la compensaci\u00f3n que necesita y merece.<br \/>\nP\u00f3ngase en <a href=\"https:\/\/www.andersonlawfirm.law\/es\/comun%C3%ADquese-bufete-anderson-law-firm\/\">contacto<\/a> hoy mismo con el bufete legal Taylor Anderson Law Firm, y evaluaremos gratuitamente su caso.<\/p>\n","protected":false},"excerpt":{"rendered":"<p>ABOGADO EXPERTO EN ACCIDENTES DE CONDUCTORES CON SEGURO INSUFICIENTE En Carolina del Sur, los conductores necesitan tener una cobertura de seguro por responsabilidad civil de, como m\u00ednimo, $25,000. Teniendo en cuenta que los da\u00f1os asociados con un accidente automovil\u00edstico, a menudo, exceden con creces esa cantidad, si el conductor responsable cuenta con un seguro de&hellip; <a href=\"https:\/\/www.andersonlawfirm.law\/es\/conductor-seguro-insuficiente\/\" class=\"more-link\">Continue reading<span class=\"sr-only\">about Conductor seguro insuficiente<\/span><\/a><\/p>\n","protected":false},"author":1,"featured_media":24590,"parent":24660,"menu_order":0,"comment_status":"closed","ping_status":"closed","template":"","meta":{"_acf_changed":false,"footnotes":""},"class_list":["post-24665","page","type-page","status-publish","has-post-thumbnail","hentry"],"acf":[],"yoast_head":"<!-- This site is optimized with the Yoast SEO plugin v25.6 - https:\/\/yoast.com\/wordpress\/plugins\/seo\/ -->\n<title>Abogado en Charleston, SC, experto en lesiones con conductores con seguro insuficiente | Accidentes en West Ashley<\/title>\n<meta name=\"description\" content=\"En el bufete legal Taylor Anderson Law Firm, representamos a personas lesionadas en accidentes automovil\u00edsticos en Charleston, West Ashley y James Island, con conductores que tienen seguro de cobertura insuficiente. \u00a1Revisamos su caso gratis!\" \/>\n<meta name=\"robots\" content=\"index, follow, max-snippet:-1, max-image-preview:large, max-video-preview:-1\" \/>\n<link rel=\"canonical\" href=\"https:\/\/www.andersonlawfirm.law\/es\/conductor-seguro-insuficiente\/\" \/>\n<meta property=\"og:locale\" content=\"es_ES\" \/>\n<meta property=\"og:type\" content=\"article\" \/>\n<meta property=\"og:title\" content=\"Abogado en Charleston, SC, experto en lesiones con conductores con seguro insuficiente | Accidentes en West Ashley\" \/>\n<meta property=\"og:description\" content=\"En el bufete legal Taylor Anderson Law Firm, representamos a personas lesionadas en accidentes automovil\u00edsticos en Charleston, West Ashley y James Island, con conductores que tienen seguro de cobertura insuficiente. \u00a1Revisamos su caso gratis!\" \/>\n<meta property=\"og:url\" content=\"https:\/\/www.andersonlawfirm.law\/es\/conductor-seguro-insuficiente\/\" \/>\n<meta property=\"og:site_name\" content=\"Taylor Anderson Law Firm\" \/>\n<meta property=\"article:modified_time\" content=\"2023-03-17T14:18:58+00:00\" \/>\n<meta property=\"og:image\" content=\"https:\/\/www.andersonlawfirm.law\/wp-content\/uploads\/2017\/12\/MOTOR-VEHICLE-ACCIDENTS.jpg\" \/>\n\t<meta property=\"og:image:width\" content=\"1920\" \/>\n\t<meta property=\"og:image:height\" content=\"800\" \/>\n\t<meta property=\"og:image:type\" content=\"image\/jpeg\" \/>\n<meta name=\"twitter:card\" content=\"summary_large_image\" \/>\n<meta name=\"twitter:label1\" content=\"Tiempo de lectura\" \/>\n\t<meta name=\"twitter:data1\" content=\"2 minutos\" \/>\n<!-- \/ Yoast SEO plugin. -->","yoast_head_json":{"title":"Abogado en Charleston, SC, experto en lesiones con conductores con seguro insuficiente | Accidentes en West Ashley","description":"En el bufete legal Taylor Anderson Law Firm, representamos a personas lesionadas en accidentes automovil\u00edsticos en Charleston, West Ashley y James Island, con conductores que tienen seguro de cobertura insuficiente. \u00a1Revisamos su caso gratis!","robots":{"index":"index","follow":"follow","max-snippet":"max-snippet:-1","max-image-preview":"max-image-preview:large","max-video-preview":"max-video-preview:-1"},"canonical":"https:\/\/www.andersonlawfirm.law\/es\/conductor-seguro-insuficiente\/","og_locale":"es_ES","og_type":"article","og_title":"Abogado en Charleston, SC, experto en lesiones con conductores con seguro insuficiente | Accidentes en West Ashley","og_description":"En el bufete legal Taylor Anderson Law Firm, representamos a personas lesionadas en accidentes automovil\u00edsticos en Charleston, West Ashley y James Island, con conductores que tienen seguro de cobertura insuficiente. \u00a1Revisamos su caso gratis!","og_url":"https:\/\/www.andersonlawfirm.law\/es\/conductor-seguro-insuficiente\/","og_site_name":"Taylor Anderson Law Firm","article_modified_time":"2023-03-17T14:18:58+00:00","og_image":[{"width":1920,"height":800,"url":"https:\/\/www.andersonlawfirm.law\/wp-content\/uploads\/2017\/12\/MOTOR-VEHICLE-ACCIDENTS.jpg","type":"image\/jpeg"}],"twitter_card":"summary_large_image","twitter_misc":{"Tiempo de lectura":"2 minutos"},"schema":{"@context":"https:\/\/schema.org","@graph":[{"@type":"WebPage","@id":"https:\/\/www.andersonlawfirm.law\/es\/conductor-seguro-insuficiente\/","url":"https:\/\/www.andersonlawfirm.law\/es\/conductor-seguro-insuficiente\/","name":"Abogado en Charleston, SC, experto en lesiones con conductores con seguro insuficiente | Accidentes en West Ashley","isPartOf":{"@id":"https:\/\/www.andersonlawfirm.law\/es\/#website"},"primaryImageOfPage":{"@id":"https:\/\/www.andersonlawfirm.law\/es\/conductor-seguro-insuficiente\/#primaryimage"},"image":{"@id":"https:\/\/www.andersonlawfirm.law\/es\/conductor-seguro-insuficiente\/#primaryimage"},"thumbnailUrl":"https:\/\/www.andersonlawfirm.law\/wp-content\/uploads\/2017\/12\/MOTOR-VEHICLE-ACCIDENTS.jpg","datePublished":"2017-12-11T16:20:24+00:00","dateModified":"2023-03-17T14:18:58+00:00","description":"En el bufete legal Taylor Anderson Law Firm, representamos a personas lesionadas en accidentes automovil\u00edsticos en Charleston, West Ashley y James Island, con conductores que tienen seguro de cobertura insuficiente. \u00a1Revisamos su caso gratis!","breadcrumb":{"@id":"https:\/\/www.andersonlawfirm.law\/es\/conductor-seguro-insuficiente\/#breadcrumb"},"inLanguage":"es","potentialAction":[{"@type":"ReadAction","target":["https:\/\/www.andersonlawfirm.law\/es\/conductor-seguro-insuficiente\/"]}]},{"@type":"ImageObject","inLanguage":"es","@id":"https:\/\/www.andersonlawfirm.law\/es\/conductor-seguro-insuficiente\/#primaryimage","url":"https:\/\/www.andersonlawfirm.law\/wp-content\/uploads\/2017\/12\/MOTOR-VEHICLE-ACCIDENTS.jpg","contentUrl":"https:\/\/www.andersonlawfirm.law\/wp-content\/uploads\/2017\/12\/MOTOR-VEHICLE-ACCIDENTS.jpg","width":1920,"height":800,"caption":"Un bombero se encuentra cerca de dos veh\u00edculos muy da\u00f1ados, uno de los cuales est\u00e1 volcado, en la escena de un accidente automovil\u00edstico."},{"@type":"BreadcrumbList","@id":"https:\/\/www.andersonlawfirm.law\/es\/conductor-seguro-insuficiente\/#breadcrumb","itemListElement":[{"@type":"ListItem","position":1,"name":"Home","item":"https:\/\/www.andersonlawfirm.law\/es\/"},{"@type":"ListItem","position":2,"name":"Practice Areas","item":"https:\/\/www.andersonlawfirm.law\/es\/personal-injury\/"},{"@type":"ListItem","position":3,"name":"Accidentes de veh\u00edculos motorizados","item":"https:\/\/www.andersonlawfirm.law\/es\/accidentes-vehiculos-motor\/"},{"@type":"ListItem","position":4,"name":"Conductor seguro insuficiente"}]},{"@type":"WebSite","@id":"https:\/\/www.andersonlawfirm.law\/es\/#website","url":"https:\/\/www.andersonlawfirm.law\/es\/","name":"Taylor Anderson Law Firm","description":"","potentialAction":[{"@type":"SearchAction","target":{"@type":"EntryPoint","urlTemplate":"https:\/\/www.andersonlawfirm.law\/es\/?s={search_term_string}"},"query-input":{"@type":"PropertyValueSpecification","valueRequired":true,"valueName":"search_term_string"}}],"inLanguage":"es"}]}},"_links":{"self":[{"href":"https:\/\/www.andersonlawfirm.law\/es\/wp-json\/wp\/v2\/pages\/24665","targetHints":{"allow":["GET"]}}],"collection":[{"href":"https:\/\/www.andersonlawfirm.law\/es\/wp-json\/wp\/v2\/pages"}],"about":[{"href":"https:\/\/www.andersonlawfirm.law\/es\/wp-json\/wp\/v2\/types\/page"}],"author":[{"embeddable":true,"href":"https:\/\/www.andersonlawfirm.law\/es\/wp-json\/wp\/v2\/users\/1"}],"replies":[{"embeddable":true,"href":"https:\/\/www.andersonlawfirm.law\/es\/wp-json\/wp\/v2\/comments?post=24665"}],"version-history":[{"count":3,"href":"https:\/\/www.andersonlawfirm.law\/es\/wp-json\/wp\/v2\/pages\/24665\/revisions"}],"predecessor-version":[{"id":24760,"href":"https:\/\/www.andersonlawfirm.law\/es\/wp-json\/wp\/v2\/pages\/24665\/revisions\/24760"}],"up":[{"embeddable":true,"href":"https:\/\/www.andersonlawfirm.law\/es\/wp-json\/wp\/v2\/pages\/24660"}],"wp:featuredmedia":[{"embeddable":true,"href":"https:\/\/www.andersonlawfirm.law\/es\/wp-json\/wp\/v2\/media\/24590"}],"wp:attachment":[{"href":"https:\/\/www.andersonlawfirm.law\/es\/wp-json\/wp\/v2\/media?parent=24665"}],"curies":[{"name":"wp","href":"https:\/\/api.w.org\/{rel}","templated":true}]}}