{"id":24667,"date":"2017-12-11T16:20:10","date_gmt":"2017-12-11T16:20:10","guid":{"rendered":"https:\/\/www.andersonlawfirm.law\/?page_id=24667"},"modified":"2023-03-17T14:28:13","modified_gmt":"2023-03-17T14:28:13","slug":"textear-conduciendo","status":"publish","type":"page","link":"https:\/\/www.andersonlawfirm.law\/es\/textear-conduciendo\/","title":{"rendered":"Textear conduciendo"},"content":{"rendered":"<h1>ABOGADO EXPERTO EN ACCIDENTES POR TEXTEAR AL CONDUCIR<\/h1>\n<p>Desde atender a los ni\u00f1os sentados en los asientos traseros, hasta programar el sistema de navegaci\u00f3n, pasando por hablar con los pasajeros, comer, ver paisajes o incluso maquillarse, existe una amplia variedad de distracciones que pueden afectar a quienes est\u00e1n detr\u00e1s del volante. Sin embargo, conducir mientras se escriben mensajes de texto es, probablemente, la forma m\u00e1s peligrosa de distraerse, ya que hace que los conductores aparten la vista de la carretera por hasta 5 segundos o m\u00e1s. Adicionalmente, el proceso para enviar mensajes de texto requiere de un cierto nivel de procesamiento cognitivo, lo que reduce significativamente la capacidad de concentraci\u00f3n durante la conducci\u00f3n de un veh\u00edculo.<\/p>\n<p>Textear mientras se conduce es ilegal en Carolina del Sur, pero, a pesar de ello, muchos contin\u00faan haci\u00e9ndolo. Por eso, si usted o un ser querido han resultado heridos o incluso ha habido fallecidos por un<a href=\"https:\/\/www.andersonlawfirm.law\/es\/accidentes-vehiculos-motor\/\"> accidente provocado por un conductor<\/a> que texteaba mientras conduc\u00eda, es imprescindible que cuente con la ayuda de un abogado experimentado en este tipo de circunstancias.<\/p>\n<h2>\u00bfHA SUFRIDO USTED LESIONES POR CULPA DE UN CONDUCTOR DISTRA\u00cdDO?<\/h2>\n<p>Sin duda, cuando un conductor textea mientras conduce, su comportamiento podr\u00eda provocar un accidente y causar lesiones graves o incluso la muerte. La Administraci\u00f3n Nacional de Seguridad del Tr\u00e1fico en Carreteras (NHTSA, por sus siglas en ingl\u00e9s), reporta a casi 400,000 personas lesionadas como consecuencia de distracciones durante la conducci\u00f3n, e indica que aquellos conductores que usaban dispositivos port\u00e1tiles o tel\u00e9fonos tienen cuatro veces m\u00e1s probabilidades de verse involucrados en un accidente automovil\u00edstico.<\/p>\n<p>Dependiendo de la gravedad del accidente en que una persona se ve involucrada, puede sufrir lesiones que abarcan desde una contusi\u00f3n en la cabeza y algunos huesos rotos, hasta un traumatismo craneoencef\u00e1lico (o TBI, por sus siglas en ingl\u00e9s), lesiones en la m\u00e9dula espinal, colapso de pulmones, o da\u00f1o severo en piernas, brazos, manos o pies. Las v\u00edctimas pueden requerir atenci\u00f3n m\u00e9dica prolongada, terapias, rehabilitaciones, apoyo para el manejo del dolor y largos periodos de tiempo de baja laboral.<\/p>\n<p>Si usted o un ser querido han sufrido lesiones o incluso la muerte en Charleston o sus alrededores, por culpa de un conductor distra\u00eddo, Taylor Anderson trabajar\u00e1 incansablemente hasta garantizar que \u00e9ste se haga responsable de sus acciones. Recopilando todos los hechos relacionados con su accidente y las lesiones sufridas, Taylor construir\u00e1 un caso que le proporcionar\u00e1 los resultados m\u00e1s favorables posibles.<\/p>\n<p>Para una evaluaci\u00f3n gratuita de sus lesiones y recibir ayuda en su reclamaci\u00f3n por negligencia o distracci\u00f3n en la conducci\u00f3n, <a href=\"https:\/\/www.andersonlawfirm.law\/es\/comun%C3%ADquese-bufete-anderson-law-firm\/\">comun\u00edquese<\/a> hoy mismo con el bufete legal Taylor Anderson Law Firm.<\/p>\n","protected":false},"excerpt":{"rendered":"<p>ABOGADO EXPERTO EN ACCIDENTES POR TEXTEAR AL CONDUCIR Desde atender a los ni\u00f1os sentados en los asientos traseros, hasta programar el sistema de navegaci\u00f3n, pasando por hablar con los pasajeros, comer, ver paisajes o incluso maquillarse, existe una amplia variedad de distracciones que pueden afectar a quienes est\u00e1n detr\u00e1s del volante. Sin embargo, conducir mientras&hellip; <a href=\"https:\/\/www.andersonlawfirm.law\/es\/textear-conduciendo\/\" class=\"more-link\">Continue reading<span class=\"sr-only\">about Textear conduciendo<\/span><\/a><\/p>\n","protected":false},"author":1,"featured_media":24590,"parent":24660,"menu_order":0,"comment_status":"closed","ping_status":"closed","template":"","meta":{"_acf_changed":false,"footnotes":""},"class_list":["post-24667","page","type-page","status-publish","has-post-thumbnail","hentry"],"acf":[],"yoast_head":"<!-- This site is optimized with the Yoast SEO plugin v25.6 - https:\/\/yoast.com\/wordpress\/plugins\/seo\/ -->\n<title>Abogado en Charleston, SC, experto en accidentes por textear al conducir | West Ashley, James Island<\/title>\n<meta name=\"description\" content=\"En el bufete legal Taylor Anderson Law Firm, representamos a v\u00edctimas en West Ashley y James Island que han resultado heridas o muertas en accidentes por texteo durante la conducci\u00f3n. \u00a1Ll\u00e1menos hoy mismo!\" \/>\n<meta name=\"robots\" content=\"index, follow, max-snippet:-1, max-image-preview:large, max-video-preview:-1\" \/>\n<link rel=\"canonical\" href=\"https:\/\/www.andersonlawfirm.law\/es\/textear-conduciendo\/\" \/>\n<meta property=\"og:locale\" content=\"es_ES\" \/>\n<meta property=\"og:type\" content=\"article\" \/>\n<meta property=\"og:title\" content=\"Abogado en Charleston, SC, experto en accidentes por textear al conducir | West Ashley, James Island\" \/>\n<meta property=\"og:description\" content=\"En el bufete legal Taylor Anderson Law Firm, representamos a v\u00edctimas en West Ashley y James Island que han resultado heridas o muertas en accidentes por texteo durante la conducci\u00f3n. \u00a1Ll\u00e1menos hoy mismo!\" \/>\n<meta property=\"og:url\" content=\"https:\/\/www.andersonlawfirm.law\/es\/textear-conduciendo\/\" \/>\n<meta property=\"og:site_name\" content=\"Taylor Anderson Law Firm\" \/>\n<meta property=\"article:modified_time\" content=\"2023-03-17T14:28:13+00:00\" \/>\n<meta property=\"og:image\" content=\"https:\/\/www.andersonlawfirm.law\/wp-content\/uploads\/2017\/12\/MOTOR-VEHICLE-ACCIDENTS.jpg\" \/>\n\t<meta property=\"og:image:width\" content=\"1920\" \/>\n\t<meta property=\"og:image:height\" content=\"800\" \/>\n\t<meta property=\"og:image:type\" content=\"image\/jpeg\" \/>\n<meta name=\"twitter:card\" content=\"summary_large_image\" \/>\n<meta name=\"twitter:label1\" content=\"Tiempo de lectura\" \/>\n\t<meta name=\"twitter:data1\" content=\"2 minutos\" \/>\n<!-- \/ Yoast SEO plugin. -->","yoast_head_json":{"title":"Abogado en Charleston, SC, experto en accidentes por textear al conducir | West Ashley, James Island","description":"En el bufete legal Taylor Anderson Law Firm, representamos a v\u00edctimas en West Ashley y James Island que han resultado heridas o muertas en accidentes por texteo durante la conducci\u00f3n. \u00a1Ll\u00e1menos hoy mismo!","robots":{"index":"index","follow":"follow","max-snippet":"max-snippet:-1","max-image-preview":"max-image-preview:large","max-video-preview":"max-video-preview:-1"},"canonical":"https:\/\/www.andersonlawfirm.law\/es\/textear-conduciendo\/","og_locale":"es_ES","og_type":"article","og_title":"Abogado en Charleston, SC, experto en accidentes por textear al conducir | West Ashley, James Island","og_description":"En el bufete legal Taylor Anderson Law Firm, representamos a v\u00edctimas en West Ashley y James Island que han resultado heridas o muertas en accidentes por texteo durante la conducci\u00f3n. \u00a1Ll\u00e1menos hoy mismo!","og_url":"https:\/\/www.andersonlawfirm.law\/es\/textear-conduciendo\/","og_site_name":"Taylor Anderson Law Firm","article_modified_time":"2023-03-17T14:28:13+00:00","og_image":[{"width":1920,"height":800,"url":"https:\/\/www.andersonlawfirm.law\/wp-content\/uploads\/2017\/12\/MOTOR-VEHICLE-ACCIDENTS.jpg","type":"image\/jpeg"}],"twitter_card":"summary_large_image","twitter_misc":{"Tiempo de lectura":"2 minutos"},"schema":{"@context":"https:\/\/schema.org","@graph":[{"@type":"WebPage","@id":"https:\/\/www.andersonlawfirm.law\/es\/textear-conduciendo\/","url":"https:\/\/www.andersonlawfirm.law\/es\/textear-conduciendo\/","name":"Abogado en Charleston, SC, experto en accidentes por textear al conducir | West Ashley, James Island","isPartOf":{"@id":"https:\/\/www.andersonlawfirm.law\/es\/#website"},"primaryImageOfPage":{"@id":"https:\/\/www.andersonlawfirm.law\/es\/textear-conduciendo\/#primaryimage"},"image":{"@id":"https:\/\/www.andersonlawfirm.law\/es\/textear-conduciendo\/#primaryimage"},"thumbnailUrl":"https:\/\/www.andersonlawfirm.law\/wp-content\/uploads\/2017\/12\/MOTOR-VEHICLE-ACCIDENTS.jpg","datePublished":"2017-12-11T16:20:10+00:00","dateModified":"2023-03-17T14:28:13+00:00","description":"En el bufete legal Taylor Anderson Law Firm, representamos a v\u00edctimas en West Ashley y James Island que han resultado heridas o muertas en accidentes por texteo durante la conducci\u00f3n. \u00a1Ll\u00e1menos hoy mismo!","breadcrumb":{"@id":"https:\/\/www.andersonlawfirm.law\/es\/textear-conduciendo\/#breadcrumb"},"inLanguage":"es","potentialAction":[{"@type":"ReadAction","target":["https:\/\/www.andersonlawfirm.law\/es\/textear-conduciendo\/"]}]},{"@type":"ImageObject","inLanguage":"es","@id":"https:\/\/www.andersonlawfirm.law\/es\/textear-conduciendo\/#primaryimage","url":"https:\/\/www.andersonlawfirm.law\/wp-content\/uploads\/2017\/12\/MOTOR-VEHICLE-ACCIDENTS.jpg","contentUrl":"https:\/\/www.andersonlawfirm.law\/wp-content\/uploads\/2017\/12\/MOTOR-VEHICLE-ACCIDENTS.jpg","width":1920,"height":800,"caption":"Un bombero se encuentra cerca de dos veh\u00edculos muy da\u00f1ados, uno de los cuales est\u00e1 volcado, en la escena de un accidente automovil\u00edstico."},{"@type":"BreadcrumbList","@id":"https:\/\/www.andersonlawfirm.law\/es\/textear-conduciendo\/#breadcrumb","itemListElement":[{"@type":"ListItem","position":1,"name":"Home","item":"https:\/\/www.andersonlawfirm.law\/es\/"},{"@type":"ListItem","position":2,"name":"Practice Areas","item":"https:\/\/www.andersonlawfirm.law\/es\/personal-injury\/"},{"@type":"ListItem","position":3,"name":"Accidentes de veh\u00edculos motorizados","item":"https:\/\/www.andersonlawfirm.law\/es\/accidentes-vehiculos-motor\/"},{"@type":"ListItem","position":4,"name":"Textear conduciendo"}]},{"@type":"WebSite","@id":"https:\/\/www.andersonlawfirm.law\/es\/#website","url":"https:\/\/www.andersonlawfirm.law\/es\/","name":"Taylor Anderson Law Firm","description":"","potentialAction":[{"@type":"SearchAction","target":{"@type":"EntryPoint","urlTemplate":"https:\/\/www.andersonlawfirm.law\/es\/?s={search_term_string}"},"query-input":{"@type":"PropertyValueSpecification","valueRequired":true,"valueName":"search_term_string"}}],"inLanguage":"es"}]}},"_links":{"self":[{"href":"https:\/\/www.andersonlawfirm.law\/es\/wp-json\/wp\/v2\/pages\/24667","targetHints":{"allow":["GET"]}}],"collection":[{"href":"https:\/\/www.andersonlawfirm.law\/es\/wp-json\/wp\/v2\/pages"}],"about":[{"href":"https:\/\/www.andersonlawfirm.law\/es\/wp-json\/wp\/v2\/types\/page"}],"author":[{"embeddable":true,"href":"https:\/\/www.andersonlawfirm.law\/es\/wp-json\/wp\/v2\/users\/1"}],"replies":[{"embeddable":true,"href":"https:\/\/www.andersonlawfirm.law\/es\/wp-json\/wp\/v2\/comments?post=24667"}],"version-history":[{"count":3,"href":"https:\/\/www.andersonlawfirm.law\/es\/wp-json\/wp\/v2\/pages\/24667\/revisions"}],"predecessor-version":[{"id":24765,"href":"https:\/\/www.andersonlawfirm.law\/es\/wp-json\/wp\/v2\/pages\/24667\/revisions\/24765"}],"up":[{"embeddable":true,"href":"https:\/\/www.andersonlawfirm.law\/es\/wp-json\/wp\/v2\/pages\/24660"}],"wp:featuredmedia":[{"embeddable":true,"href":"https:\/\/www.andersonlawfirm.law\/es\/wp-json\/wp\/v2\/media\/24590"}],"wp:attachment":[{"href":"https:\/\/www.andersonlawfirm.law\/es\/wp-json\/wp\/v2\/media?parent=24667"}],"curies":[{"name":"wp","href":"https:\/\/api.w.org\/{rel}","templated":true}]}}