{"id":24671,"date":"2017-12-11T16:19:42","date_gmt":"2017-12-11T16:19:42","guid":{"rendered":"https:\/\/www.andersonlawfirm.law\/?page_id=24671"},"modified":"2023-03-17T14:17:14","modified_gmt":"2023-03-17T14:17:14","slug":"accidentes-motos","status":"publish","type":"page","link":"https:\/\/www.andersonlawfirm.law\/es\/accidentes-motos\/","title":{"rendered":"Accidentes motos"},"content":{"rendered":"<h1>ABOGADO EXPERTO EN LESIONES POR ACCIDENTES DE MOTOS<\/h1>\n<p>Si bien las motos son veh\u00edculos que suelen simbolizar para muchas personas diversi\u00f3n y libertad, lo cierto es que tambi\u00e9n pueden provocar lesiones graves y catastr\u00f3ficas, o incluso la muerte. Los accidentes de motos, tanto si son debidos a la conducci\u00f3n bajo los efectos del alcohol, el exceso de velocidad, la imprudencia o por una simple distracci\u00f3n, pueden causar a sus conductores fracturas de huesos, traumatismos craneoencef\u00e1licos (o TBI, por sus siglas en ingl\u00e9s), lesiones debilitantes de la m\u00e9dula espinal, abrasiones en la piel, da\u00f1os en \u00f3rganos internos, cicatrices o par\u00e1lisis. Aquellas personas que sobreviven a un accidente grave de motocicleta, es probable que tengan que enfrentar una larga recuperaci\u00f3n, que incluir\u00e1 cirug\u00edas y continuas terapias, por lo que es muy posible que tarden bastante en reincorporarse a sus trabajos.<\/p>\n<p>Si usted o un ser querido han sufrido lesiones como consecuencia de un accidente de moto en Carolina del Sur o Georgia, es importante que se comunique lo antes posible con un abogado experto en este <a href=\"https:\/\/www.andersonlawfirm.law\/es\/accidentes-vehiculos-motor\/\">tipo de percances de tr\u00e1fico<\/a>, con amplios conocimientos legales para representar a los heridos en accidentes de motocicleta.<\/p>\n<p>En el bufete legal Taylor Anderson Law Firm, contamos con los conocimientos y la experiencia confiables para ayudar a las v\u00edctimas a superar el desconcierto y la tensi\u00f3n que provocan los accidentes de moto. Ll\u00e1menos hoy mismo y analizaremos con usted el accidente y su reclamaci\u00f3n. Como siempre, esta evaluaci\u00f3n es gratuita.<\/p>\n<h2>COMUN\u00cdQUESE CON UN ABOGADO EXPERTO EN LESIONES POR ACCIDENTES DE MOTOS<\/h2>\n<p>En t\u00e9rminos generales, existe la creencia de que los conductores de motos son imprudentes. De hecho, este pensamiento se traslada a menudo a las compa\u00f1\u00edas de seguros, culpando a los motociclistas u ofreci\u00e9ndoles acuerdos m\u00e1s bajos de lo que corresponder\u00edan. Por ello, si usted ha sufrido lesiones como consecuencia de un accidente de moto, p\u00f3ngase en contacto con un abogado experto en lesiones por eventos de este tipo, sin importar de qu\u00e9 lado se encuentre.<\/p>\n<p>En el bufete legal Taylor Anderson Law Firm, nuestra principal responsabilidad consiste en representar sus intereses, por lo que utilizamos la ley para defender sus derechos y ayudarle a obtener la justicia que usted merece. Si ha sufrido lesiones en un accidente de moto, nosotros contamos con los recursos y las conexiones necesarias para investigar su reclamaci\u00f3n de manera efectiva.<\/p>\n<p>Para analizar los detalles del accidente y su reclamaci\u00f3n, as\u00ed como para discutir los pr\u00f3ximos pasos a seguir, <a href=\"https:\/\/www.andersonlawfirm.law\/es\/comun%C3%ADquese-bufete-anderson-law-firm\/\">comun\u00edquese<\/a> con los abogados especializados en lesiones personales y lesiones causadas por accidentes de motocicleta del bufete legal Taylor Anderson Law Firm, en Charleston.<\/p>\n","protected":false},"excerpt":{"rendered":"<p>ABOGADO EXPERTO EN LESIONES POR ACCIDENTES DE MOTOS Si bien las motos son veh\u00edculos que suelen simbolizar para muchas personas diversi\u00f3n y libertad, lo cierto es que tambi\u00e9n pueden provocar lesiones graves y catastr\u00f3ficas, o incluso la muerte. Los accidentes de motos, tanto si son debidos a la conducci\u00f3n bajo los efectos del alcohol, el&hellip; <a href=\"https:\/\/www.andersonlawfirm.law\/es\/accidentes-motos\/\" class=\"more-link\">Continue reading<span class=\"sr-only\">about Accidentes motos<\/span><\/a><\/p>\n","protected":false},"author":1,"featured_media":24590,"parent":24660,"menu_order":0,"comment_status":"closed","ping_status":"closed","template":"","meta":{"_acf_changed":false,"footnotes":""},"class_list":["post-24671","page","type-page","status-publish","has-post-thumbnail","hentry"],"acf":[],"yoast_head":"<!-- This site is optimized with the Yoast SEO plugin v25.6 - https:\/\/yoast.com\/wordpress\/plugins\/seo\/ -->\n<title>Abogado en Charleston, SC, experto en lesiones por accidentes de moto | West Ashley, James Island<\/title>\n<meta name=\"description\" content=\"\u00bfHa sufrido usted lesiones en un accidente de moto en Charleston o West Ashley? \u00a1Taylor Anderson Law Firm, es el bufete legal de confianza que usted necesita y que le ayudar\u00e1 a obtener la justicia que merece!\" \/>\n<meta name=\"robots\" content=\"index, follow, max-snippet:-1, max-image-preview:large, max-video-preview:-1\" \/>\n<link rel=\"canonical\" href=\"https:\/\/www.andersonlawfirm.law\/es\/accidentes-motos\/\" \/>\n<meta property=\"og:locale\" content=\"es_ES\" \/>\n<meta property=\"og:type\" content=\"article\" \/>\n<meta property=\"og:title\" content=\"Abogado en Charleston, SC, experto en lesiones por accidentes de moto | West Ashley, James Island\" \/>\n<meta property=\"og:description\" content=\"\u00bfHa sufrido usted lesiones en un accidente de moto en Charleston o West Ashley? \u00a1Taylor Anderson Law Firm, es el bufete legal de confianza que usted necesita y que le ayudar\u00e1 a obtener la justicia que merece!\" \/>\n<meta property=\"og:url\" content=\"https:\/\/www.andersonlawfirm.law\/es\/accidentes-motos\/\" \/>\n<meta property=\"og:site_name\" content=\"Taylor Anderson Law Firm\" \/>\n<meta property=\"article:modified_time\" content=\"2023-03-17T14:17:14+00:00\" \/>\n<meta property=\"og:image\" content=\"https:\/\/www.andersonlawfirm.law\/wp-content\/uploads\/2017\/12\/MOTOR-VEHICLE-ACCIDENTS.jpg\" \/>\n\t<meta property=\"og:image:width\" content=\"1920\" \/>\n\t<meta property=\"og:image:height\" content=\"800\" \/>\n\t<meta property=\"og:image:type\" content=\"image\/jpeg\" \/>\n<meta name=\"twitter:card\" content=\"summary_large_image\" \/>\n<meta name=\"twitter:label1\" content=\"Tiempo de lectura\" \/>\n\t<meta name=\"twitter:data1\" content=\"2 minutos\" \/>\n<!-- \/ Yoast SEO plugin. -->","yoast_head_json":{"title":"Abogado en Charleston, SC, experto en lesiones por accidentes de moto | West Ashley, James Island","description":"\u00bfHa sufrido usted lesiones en un accidente de moto en Charleston o West Ashley? \u00a1Taylor Anderson Law Firm, es el bufete legal de confianza que usted necesita y que le ayudar\u00e1 a obtener la justicia que merece!","robots":{"index":"index","follow":"follow","max-snippet":"max-snippet:-1","max-image-preview":"max-image-preview:large","max-video-preview":"max-video-preview:-1"},"canonical":"https:\/\/www.andersonlawfirm.law\/es\/accidentes-motos\/","og_locale":"es_ES","og_type":"article","og_title":"Abogado en Charleston, SC, experto en lesiones por accidentes de moto | West Ashley, James Island","og_description":"\u00bfHa sufrido usted lesiones en un accidente de moto en Charleston o West Ashley? \u00a1Taylor Anderson Law Firm, es el bufete legal de confianza que usted necesita y que le ayudar\u00e1 a obtener la justicia que merece!","og_url":"https:\/\/www.andersonlawfirm.law\/es\/accidentes-motos\/","og_site_name":"Taylor Anderson Law Firm","article_modified_time":"2023-03-17T14:17:14+00:00","og_image":[{"width":1920,"height":800,"url":"https:\/\/www.andersonlawfirm.law\/wp-content\/uploads\/2017\/12\/MOTOR-VEHICLE-ACCIDENTS.jpg","type":"image\/jpeg"}],"twitter_card":"summary_large_image","twitter_misc":{"Tiempo de lectura":"2 minutos"},"schema":{"@context":"https:\/\/schema.org","@graph":[{"@type":"WebPage","@id":"https:\/\/www.andersonlawfirm.law\/es\/accidentes-motos\/","url":"https:\/\/www.andersonlawfirm.law\/es\/accidentes-motos\/","name":"Abogado en Charleston, SC, experto en lesiones por accidentes de moto | West Ashley, James Island","isPartOf":{"@id":"https:\/\/www.andersonlawfirm.law\/es\/#website"},"primaryImageOfPage":{"@id":"https:\/\/www.andersonlawfirm.law\/es\/accidentes-motos\/#primaryimage"},"image":{"@id":"https:\/\/www.andersonlawfirm.law\/es\/accidentes-motos\/#primaryimage"},"thumbnailUrl":"https:\/\/www.andersonlawfirm.law\/wp-content\/uploads\/2017\/12\/MOTOR-VEHICLE-ACCIDENTS.jpg","datePublished":"2017-12-11T16:19:42+00:00","dateModified":"2023-03-17T14:17:14+00:00","description":"\u00bfHa sufrido usted lesiones en un accidente de moto en Charleston o West Ashley? \u00a1Taylor Anderson Law Firm, es el bufete legal de confianza que usted necesita y que le ayudar\u00e1 a obtener la justicia que merece!","breadcrumb":{"@id":"https:\/\/www.andersonlawfirm.law\/es\/accidentes-motos\/#breadcrumb"},"inLanguage":"es","potentialAction":[{"@type":"ReadAction","target":["https:\/\/www.andersonlawfirm.law\/es\/accidentes-motos\/"]}]},{"@type":"ImageObject","inLanguage":"es","@id":"https:\/\/www.andersonlawfirm.law\/es\/accidentes-motos\/#primaryimage","url":"https:\/\/www.andersonlawfirm.law\/wp-content\/uploads\/2017\/12\/MOTOR-VEHICLE-ACCIDENTS.jpg","contentUrl":"https:\/\/www.andersonlawfirm.law\/wp-content\/uploads\/2017\/12\/MOTOR-VEHICLE-ACCIDENTS.jpg","width":1920,"height":800,"caption":"Un bombero se encuentra cerca de dos veh\u00edculos muy da\u00f1ados, uno de los cuales est\u00e1 volcado, en la escena de un accidente automovil\u00edstico."},{"@type":"BreadcrumbList","@id":"https:\/\/www.andersonlawfirm.law\/es\/accidentes-motos\/#breadcrumb","itemListElement":[{"@type":"ListItem","position":1,"name":"Home","item":"https:\/\/www.andersonlawfirm.law\/es\/"},{"@type":"ListItem","position":2,"name":"Practice Areas","item":"https:\/\/www.andersonlawfirm.law\/es\/personal-injury\/"},{"@type":"ListItem","position":3,"name":"Accidentes de veh\u00edculos motorizados","item":"https:\/\/www.andersonlawfirm.law\/es\/accidentes-vehiculos-motor\/"},{"@type":"ListItem","position":4,"name":"Accidentes motos"}]},{"@type":"WebSite","@id":"https:\/\/www.andersonlawfirm.law\/es\/#website","url":"https:\/\/www.andersonlawfirm.law\/es\/","name":"Taylor Anderson Law Firm","description":"","potentialAction":[{"@type":"SearchAction","target":{"@type":"EntryPoint","urlTemplate":"https:\/\/www.andersonlawfirm.law\/es\/?s={search_term_string}"},"query-input":{"@type":"PropertyValueSpecification","valueRequired":true,"valueName":"search_term_string"}}],"inLanguage":"es"}]}},"_links":{"self":[{"href":"https:\/\/www.andersonlawfirm.law\/es\/wp-json\/wp\/v2\/pages\/24671","targetHints":{"allow":["GET"]}}],"collection":[{"href":"https:\/\/www.andersonlawfirm.law\/es\/wp-json\/wp\/v2\/pages"}],"about":[{"href":"https:\/\/www.andersonlawfirm.law\/es\/wp-json\/wp\/v2\/types\/page"}],"author":[{"embeddable":true,"href":"https:\/\/www.andersonlawfirm.law\/es\/wp-json\/wp\/v2\/users\/1"}],"replies":[{"embeddable":true,"href":"https:\/\/www.andersonlawfirm.law\/es\/wp-json\/wp\/v2\/comments?post=24671"}],"version-history":[{"count":3,"href":"https:\/\/www.andersonlawfirm.law\/es\/wp-json\/wp\/v2\/pages\/24671\/revisions"}],"predecessor-version":[{"id":24757,"href":"https:\/\/www.andersonlawfirm.law\/es\/wp-json\/wp\/v2\/pages\/24671\/revisions\/24757"}],"up":[{"embeddable":true,"href":"https:\/\/www.andersonlawfirm.law\/es\/wp-json\/wp\/v2\/pages\/24660"}],"wp:featuredmedia":[{"embeddable":true,"href":"https:\/\/www.andersonlawfirm.law\/es\/wp-json\/wp\/v2\/media\/24590"}],"wp:attachment":[{"href":"https:\/\/www.andersonlawfirm.law\/es\/wp-json\/wp\/v2\/media?parent=24671"}],"curies":[{"name":"wp","href":"https:\/\/api.w.org\/{rel}","templated":true}]}}