{"id":24673,"date":"2017-12-11T16:19:34","date_gmt":"2017-12-11T16:19:34","guid":{"rendered":"https:\/\/www.andersonlawfirm.law\/?page_id=24673"},"modified":"2023-03-17T14:11:53","modified_gmt":"2023-03-17T14:11:53","slug":"accidentes-conductor-ebrio","status":"publish","type":"page","link":"https:\/\/www.andersonlawfirm.law\/es\/accidentes-conductor-ebrio\/","title":{"rendered":"Accidentes conductor ebrio"},"content":{"rendered":"<h1>ABOGADO EXPERTO EN LESIONES POR ACCIDENTES CON CONDUCIR EBRIO<\/h1>\n<p>Cuando las personas conducen bajo los efectos del alcohol, se convierten en un peligro para otros conductores, ciclistas, peatones e incluso para s\u00ed mismos. Adem\u00e1s, el impacto de un accidente provocado por un conductor ebrio puede ser devastador, causando, en muchos casos, lesiones catastr\u00f3ficas o incluso la muerte. Para las v\u00edctimas y sus familias, la mayor frustraci\u00f3n radica en la convicci\u00f3n de que estos <a href=\"https:\/\/www.andersonlawfirm.law\/es\/accidentes-vehiculos-motor\/\">accidentes automovil\u00edsticos<\/a> podr\u00edan haberse evitado. Por ello, si usted o un ser querido han resultado heridos en un accidente en el que el conductor responsable estaba ebrio o conduc\u00eda bajo los efectos del alcohol, el bufete legal Taylor Anderson Law Firm quiere ser quien le ayude a conseguir que se haga justicia y se le compense correctamente.<\/p>\n<p>Entender las implicaciones y responsabilidades que surgen en un accidente provocado por un conductor ebrio o bajo los efectos del alcohol es, en el mejor de los casos, complejo. Por ejemplo, supongamos que un conductor se emborrach\u00f3 en un bar o establecimiento p\u00fablico antes de causar un accidente, \u00bfqu\u00e9 ocurrir\u00eda si el mismo conductor fuera menor de 21 a\u00f1os? Este y otros tecnicismos requieren de la experiencia y los conocimientos de un abogado cualificado y experto en lesiones causadas en accidentes con conductor ebrio.<\/p>\n<p>En el bufete legal Taylor Anderson Law Firm, proporcionamos una en\u00e9rgica defensa a aquellas personas lesionadas en accidentes con conductor ebrio, que solo deben enfocarse en su recuperaci\u00f3n, mientras nosotros trabajaremos para fundamentar su caso y ayudarle a conseguir la compensaci\u00f3n que necesita y merece. Ll\u00e1menos hoy y evaluaremos de manera gratuita el accidente que sufri\u00f3 y su reclamaci\u00f3n.<\/p>\n<h2>COMUN\u00cdQUESE CON UN ABOGADO EXPERTO EN LESIONES POR ACCIDENTES CON CONDUCTOR EBRIO<\/h2>\n<p>Si bien cada accidente provocado por conductor ebrio presenta sus propias circunstancias diferenciadoras, las personas que resultan afectadas pueden beneficiarse de la habilidad de un abogado experto en lesiones causadas por accidentes con conductor ebrio.<\/p>\n<p>Es muy dif\u00edcil evaluar totalmente el impacto que un grave accidente provocado por un conductor ebrio puede generar. Dependiendo de la amplitud y severidad de las lesiones, sus tratamientos pueden incluir desde cirug\u00edas de emergencia y fisioterapias hasta rehabilitaciones, con el consecuente costo econ\u00f3mico que todo ello implica. La terapia y el apoyo emocional tambi\u00e9n podr\u00edan llegar a ser necesarios, al igual que una baja laboral por m\u00e1s tiempo del esperado, llegando a suponer, en algunos casos extremos, una discapacidad permanentemente que impida totalmente el regreso a la actividad laboral normal. Teniendo en cuenta estos y otros muchos escenarios, los costos financieros asociados con un accidente con conductor ebrio pueden ascender a varios millones.<\/p>\n<p>Llame hoy mismo al bufete legal Taylor Anderson Law Firm, y proteja su salud y sus derechos si ha sido v\u00edctima de un accidente provocado por un conductor ebrio. Contamos con la experiencia y los recursos necesarios para evaluar eficazmente su reclamaci\u00f3n y ayudarle a obtener justicia por las lesiones, el dolor y el sufrimiento soportados.<\/p>\n<p>Para una evaluaci\u00f3n gratuita del accidente sufrido y su reclamaci\u00f3n, <a href=\"https:\/\/www.andersonlawfirm.law\/es\/comun%C3%ADquese-bufete-anderson-law-firm\/\">comun\u00edquese<\/a> con el bufete legal Taylor Anderson Law Firm, en Charleston.<\/p>\n","protected":false},"excerpt":{"rendered":"<p>ABOGADO EXPERTO EN LESIONES POR ACCIDENTES CON CONDUCIR EBRIO Cuando las personas conducen bajo los efectos del alcohol, se convierten en un peligro para otros conductores, ciclistas, peatones e incluso para s\u00ed mismos. Adem\u00e1s, el impacto de un accidente provocado por un conductor ebrio puede ser devastador, causando, en muchos casos, lesiones catastr\u00f3ficas o incluso&hellip; <a href=\"https:\/\/www.andersonlawfirm.law\/es\/accidentes-conductor-ebrio\/\" class=\"more-link\">Continue reading<span class=\"sr-only\">about Accidentes conductor ebrio<\/span><\/a><\/p>\n","protected":false},"author":1,"featured_media":24590,"parent":24660,"menu_order":0,"comment_status":"closed","ping_status":"closed","template":"","meta":{"_acf_changed":false,"footnotes":""},"class_list":["post-24673","page","type-page","status-publish","has-post-thumbnail","hentry"],"acf":[],"yoast_head":"<!-- This site is optimized with the Yoast SEO plugin v25.6 - https:\/\/yoast.com\/wordpress\/plugins\/seo\/ -->\n<title>Abogado en Charleston, SC, experto en lesiones por conductor ebrio | West Ashley, James Island<\/title>\n<meta name=\"description\" content=\"\u00bfHa sufrido usted lesiones por un accidente con conductor ebrio en Charleston o West Ashley? En el bufete legal Taylor Anderson Law Firm, protegemos sus derechos, ayud\u00e1ndole a obtener justicia y la compensaci\u00f3n que se merece.\" \/>\n<meta name=\"robots\" content=\"index, follow, max-snippet:-1, max-image-preview:large, max-video-preview:-1\" \/>\n<link rel=\"canonical\" href=\"https:\/\/www.andersonlawfirm.law\/es\/accidentes-conductor-ebrio\/\" \/>\n<meta property=\"og:locale\" content=\"es_ES\" \/>\n<meta property=\"og:type\" content=\"article\" \/>\n<meta property=\"og:title\" content=\"Abogado en Charleston, SC, experto en lesiones por conductor ebrio | West Ashley, James Island\" \/>\n<meta property=\"og:description\" content=\"\u00bfHa sufrido usted lesiones por un accidente con conductor ebrio en Charleston o West Ashley? En el bufete legal Taylor Anderson Law Firm, protegemos sus derechos, ayud\u00e1ndole a obtener justicia y la compensaci\u00f3n que se merece.\" \/>\n<meta property=\"og:url\" content=\"https:\/\/www.andersonlawfirm.law\/es\/accidentes-conductor-ebrio\/\" \/>\n<meta property=\"og:site_name\" content=\"Taylor Anderson Law Firm\" \/>\n<meta property=\"article:modified_time\" content=\"2023-03-17T14:11:53+00:00\" \/>\n<meta property=\"og:image\" content=\"https:\/\/www.andersonlawfirm.law\/wp-content\/uploads\/2017\/12\/MOTOR-VEHICLE-ACCIDENTS.jpg\" \/>\n\t<meta property=\"og:image:width\" content=\"1920\" \/>\n\t<meta property=\"og:image:height\" content=\"800\" \/>\n\t<meta property=\"og:image:type\" content=\"image\/jpeg\" \/>\n<meta name=\"twitter:card\" content=\"summary_large_image\" \/>\n<meta name=\"twitter:label1\" content=\"Tiempo de lectura\" \/>\n\t<meta name=\"twitter:data1\" content=\"3 minutos\" \/>\n<!-- \/ Yoast SEO plugin. -->","yoast_head_json":{"title":"Abogado en Charleston, SC, experto en lesiones por conductor ebrio | West Ashley, James Island","description":"\u00bfHa sufrido usted lesiones por un accidente con conductor ebrio en Charleston o West Ashley? En el bufete legal Taylor Anderson Law Firm, protegemos sus derechos, ayud\u00e1ndole a obtener justicia y la compensaci\u00f3n que se merece.","robots":{"index":"index","follow":"follow","max-snippet":"max-snippet:-1","max-image-preview":"max-image-preview:large","max-video-preview":"max-video-preview:-1"},"canonical":"https:\/\/www.andersonlawfirm.law\/es\/accidentes-conductor-ebrio\/","og_locale":"es_ES","og_type":"article","og_title":"Abogado en Charleston, SC, experto en lesiones por conductor ebrio | West Ashley, James Island","og_description":"\u00bfHa sufrido usted lesiones por un accidente con conductor ebrio en Charleston o West Ashley? En el bufete legal Taylor Anderson Law Firm, protegemos sus derechos, ayud\u00e1ndole a obtener justicia y la compensaci\u00f3n que se merece.","og_url":"https:\/\/www.andersonlawfirm.law\/es\/accidentes-conductor-ebrio\/","og_site_name":"Taylor Anderson Law Firm","article_modified_time":"2023-03-17T14:11:53+00:00","og_image":[{"width":1920,"height":800,"url":"https:\/\/www.andersonlawfirm.law\/wp-content\/uploads\/2017\/12\/MOTOR-VEHICLE-ACCIDENTS.jpg","type":"image\/jpeg"}],"twitter_card":"summary_large_image","twitter_misc":{"Tiempo de lectura":"3 minutos"},"schema":{"@context":"https:\/\/schema.org","@graph":[{"@type":"WebPage","@id":"https:\/\/www.andersonlawfirm.law\/es\/accidentes-conductor-ebrio\/","url":"https:\/\/www.andersonlawfirm.law\/es\/accidentes-conductor-ebrio\/","name":"Abogado en Charleston, SC, experto en lesiones por conductor ebrio | West Ashley, James Island","isPartOf":{"@id":"https:\/\/www.andersonlawfirm.law\/es\/#website"},"primaryImageOfPage":{"@id":"https:\/\/www.andersonlawfirm.law\/es\/accidentes-conductor-ebrio\/#primaryimage"},"image":{"@id":"https:\/\/www.andersonlawfirm.law\/es\/accidentes-conductor-ebrio\/#primaryimage"},"thumbnailUrl":"https:\/\/www.andersonlawfirm.law\/wp-content\/uploads\/2017\/12\/MOTOR-VEHICLE-ACCIDENTS.jpg","datePublished":"2017-12-11T16:19:34+00:00","dateModified":"2023-03-17T14:11:53+00:00","description":"\u00bfHa sufrido usted lesiones por un accidente con conductor ebrio en Charleston o West Ashley? En el bufete legal Taylor Anderson Law Firm, protegemos sus derechos, ayud\u00e1ndole a obtener justicia y la compensaci\u00f3n que se merece.","breadcrumb":{"@id":"https:\/\/www.andersonlawfirm.law\/es\/accidentes-conductor-ebrio\/#breadcrumb"},"inLanguage":"es","potentialAction":[{"@type":"ReadAction","target":["https:\/\/www.andersonlawfirm.law\/es\/accidentes-conductor-ebrio\/"]}]},{"@type":"ImageObject","inLanguage":"es","@id":"https:\/\/www.andersonlawfirm.law\/es\/accidentes-conductor-ebrio\/#primaryimage","url":"https:\/\/www.andersonlawfirm.law\/wp-content\/uploads\/2017\/12\/MOTOR-VEHICLE-ACCIDENTS.jpg","contentUrl":"https:\/\/www.andersonlawfirm.law\/wp-content\/uploads\/2017\/12\/MOTOR-VEHICLE-ACCIDENTS.jpg","width":1920,"height":800,"caption":"Un bombero se encuentra cerca de dos veh\u00edculos muy da\u00f1ados, uno de los cuales est\u00e1 volcado, en la escena de un accidente automovil\u00edstico."},{"@type":"BreadcrumbList","@id":"https:\/\/www.andersonlawfirm.law\/es\/accidentes-conductor-ebrio\/#breadcrumb","itemListElement":[{"@type":"ListItem","position":1,"name":"Home","item":"https:\/\/www.andersonlawfirm.law\/es\/"},{"@type":"ListItem","position":2,"name":"Practice Areas","item":"https:\/\/www.andersonlawfirm.law\/es\/personal-injury\/"},{"@type":"ListItem","position":3,"name":"Accidentes de veh\u00edculos motorizados","item":"https:\/\/www.andersonlawfirm.law\/es\/accidentes-vehiculos-motor\/"},{"@type":"ListItem","position":4,"name":"Accidentes conductor ebrio"}]},{"@type":"WebSite","@id":"https:\/\/www.andersonlawfirm.law\/es\/#website","url":"https:\/\/www.andersonlawfirm.law\/es\/","name":"Taylor Anderson Law Firm","description":"","potentialAction":[{"@type":"SearchAction","target":{"@type":"EntryPoint","urlTemplate":"https:\/\/www.andersonlawfirm.law\/es\/?s={search_term_string}"},"query-input":{"@type":"PropertyValueSpecification","valueRequired":true,"valueName":"search_term_string"}}],"inLanguage":"es"}]}},"_links":{"self":[{"href":"https:\/\/www.andersonlawfirm.law\/es\/wp-json\/wp\/v2\/pages\/24673","targetHints":{"allow":["GET"]}}],"collection":[{"href":"https:\/\/www.andersonlawfirm.law\/es\/wp-json\/wp\/v2\/pages"}],"about":[{"href":"https:\/\/www.andersonlawfirm.law\/es\/wp-json\/wp\/v2\/types\/page"}],"author":[{"embeddable":true,"href":"https:\/\/www.andersonlawfirm.law\/es\/wp-json\/wp\/v2\/users\/1"}],"replies":[{"embeddable":true,"href":"https:\/\/www.andersonlawfirm.law\/es\/wp-json\/wp\/v2\/comments?post=24673"}],"version-history":[{"count":3,"href":"https:\/\/www.andersonlawfirm.law\/es\/wp-json\/wp\/v2\/pages\/24673\/revisions"}],"predecessor-version":[{"id":24756,"href":"https:\/\/www.andersonlawfirm.law\/es\/wp-json\/wp\/v2\/pages\/24673\/revisions\/24756"}],"up":[{"embeddable":true,"href":"https:\/\/www.andersonlawfirm.law\/es\/wp-json\/wp\/v2\/pages\/24660"}],"wp:featuredmedia":[{"embeddable":true,"href":"https:\/\/www.andersonlawfirm.law\/es\/wp-json\/wp\/v2\/media\/24590"}],"wp:attachment":[{"href":"https:\/\/www.andersonlawfirm.law\/es\/wp-json\/wp\/v2\/media?parent=24673"}],"curies":[{"name":"wp","href":"https:\/\/api.w.org\/{rel}","templated":true}]}}