{"id":24675,"date":"2017-12-11T16:19:03","date_gmt":"2017-12-11T16:19:03","guid":{"rendered":"https:\/\/www.andersonlawfirm.law\/?page_id=24675"},"modified":"2023-03-17T14:21:21","modified_gmt":"2023-03-17T14:21:21","slug":"que-hacer-despues-de-accidente-automovilistico","status":"publish","type":"page","link":"https:\/\/www.andersonlawfirm.law\/es\/que-hacer-despues-de-accidente-automovilistico\/","title":{"rendered":"Qu\u00e9 hacer despu\u00e9s de accidente automovil\u00edstico"},"content":{"rendered":"<h1>QU\u00c9 HACER DESPU\u00c9S DE UN ACCIDENTE AUTOMOVIL\u00cdSTICO<\/h1>\n<p>Nadie contempla la posibilidad de verse involucrado en un <a href=\"https:\/\/www.andersonlawfirm.law\/es\/accidentes-vehiculos-motor\/\">accidente automovil\u00edstico<\/a>, a pesar de lo cual, es importante estar preparado y actuar con responsabilidad. De acuerdo con la legislaci\u00f3n del estado de Carolina del Sur, existen obligaciones y responsabilidades legales para quienes est\u00e1n en la escena de un accidente. En primer lugar, es importante detener el veh\u00edculo y asegurarse de hacerlo junto al lugar de los hechos y de manera segura. Luego, llame al 9-1-1 o al departamento de polic\u00eda local para reportar el accidente. Si bien pudiera usted llegar a sentir que va a entrar en p\u00e1nico, trate de mantener la calma mientras analiza lo ocurrido. Si nota que otras personas est\u00e1n lesionadas, trate de brindarles \u201casistencia razonable\u201d. Como se se\u00f1ala en el C\u00f3digo Legal de Carolina del Sur, \u00e9sta podr\u00eda incluir la obligaci\u00f3n de llamar a una ambulancia o incluso transportar a la\/s persona\/s lesionada\/s a un hospital.<\/p>\n<p>Los conductores involucrados en un accidente automovil\u00edstico tambi\u00e9n deben estar preparados para intercambiar informaci\u00f3n de contacto con otro\/s conductor\/es presente\/s en la escena, como nombres, direcciones e informaci\u00f3n de seguros del conductor\/es o propietario\/s de los veh\u00edculos involucrados en el accidente. Si hubiera testigos presentes, es aconsejable anotar igualmente sus nombre y n\u00fameros de tel\u00e9fono, por si sus relatos del accidente pudieran llegar a ser necesarios en el futuro. A continuaci\u00f3n, piense en el accidente e intente comprender c\u00f3mo sucedi\u00f3, para lo cual, puede tomar fotograf\u00edas o hacer preguntas como: \u201c\u00bfa qu\u00e9 velocidad conduc\u00edan?\u201d, \u201c\u00bfpuede que uno de los veh\u00edculos no cediera el paso o se saltara una se\u00f1al?\u201d o \u201c\u00bfpudo el conductor estar enviando un mensaje de texto?\u201d<\/p>\n<p>Sin importar qu\u00e9 tan peque\u00f1a parezca su lesi\u00f3n ni qui\u00e9n sea el responsable del accidente automovil\u00edstico que haya sufrido, siempre es recomendable buscar asistencia legal antes de rechazar una atenci\u00f3n m\u00e9dica o hacer una declaraci\u00f3n grabada ante una compa\u00f1\u00eda de seguros con respecto a su reclamaci\u00f3n.<\/p>\n<p>Si usted o un ser querido han resultado gravemente heridos en un accidente de cami\u00f3n en Charleston, West Ashley, James Island o en cualquier lugar de los estados de Carolina del Sur o Georgia, comun\u00edquese hoy mismo con el bufete legal Taylor Anderson Law Firm, y evaluaremos de manera gratuita su reclamaci\u00f3n.<\/p>\n<h2>COMUN\u00cdQUESE CON UN ABOGADO DE CHARLESTON, EXPERTO EN ACCIDENTES AUTOMOVIL\u00cdSTICOS<\/h2>\n<p>Cuando se trata de accidentes automovil\u00edsticos, las compa\u00f1\u00edas de seguros y los ajustadores se suelen dar prisa en presentar a las v\u00edctimas una oferta de acuerdo, a pesar de lo cual, en el bufete legal Taylor Anderson Law Firm, recomendamos no cometer el error de aceptar la primera oferta que reciben.<\/p>\n<p>Repetidamente, las v\u00edctimas de accidentes automovil\u00edsticos aceptan los primeros acuerdos propuestos por las compa\u00f1\u00edas de seguros, ya que \u00e9stos parecen ser suficientes para cubrir los gastos relacionados con los da\u00f1os, la atenci\u00f3n m\u00e9dica y la p\u00e9rdida de salarios sufridos. Sin embargo, \u00bfqu\u00e9 ocurre si una persona regresa al trabajo despu\u00e9s de, supuestamente, haberse recuperado de un accidente y vuelve a sentir dolores? Una vez resuelta la reclamaci\u00f3n, la carga de cualquier tratamiento m\u00e9dico adicional, as\u00ed como las bajas laborales suplementarias, pudieran recaer exclusivamente sobre el individuo afectado.<\/p>\n<p>En el bufete legal Taylor Anderson Law Firm, entendemos que usted podr\u00eda estar ansioso por terminar cuanto antes las negociaciones con la compa\u00f1\u00eda de seguros, y tambi\u00e9n nos damos cuenta de que la oferta que le har\u00e1n pudiera parecer suficiente. Pero debido a nuestra larga experiencia y amplio conocimiento de las reclamaciones por accidentes automovil\u00edsticos en Carolina del Sur, debemos tomar en consideraci\u00f3n la posibilidad de requerir atenci\u00f3n m\u00e9dica futura, incluyendo cirug\u00edas y terapias para el alivio del dolor. Al hacerlo, trabajamos para ayudarle a obtener la compensaci\u00f3n que usted necesita y merece.<\/p>\n<p>Para programar una cita y evaluar de manera gratuita su reclamaci\u00f3n por el accidente automovil\u00edstico que haya sufrido, <a href=\"https:\/\/www.andersonlawfirm.law\/es\/comun%C3%ADquese-bufete-anderson-law-firm\/\">comun\u00edquese<\/a> hoy mismo con el bufete legal Taylor Anderson Law Firm, en Charleston.<\/p>\n","protected":false},"excerpt":{"rendered":"<p>QU\u00c9 HACER DESPU\u00c9S DE UN ACCIDENTE AUTOMOVIL\u00cdSTICO Nadie contempla la posibilidad de verse involucrado en un accidente automovil\u00edstico, a pesar de lo cual, es importante estar preparado y actuar con responsabilidad. De acuerdo con la legislaci\u00f3n del estado de Carolina del Sur, existen obligaciones y responsabilidades legales para quienes est\u00e1n en la escena de un&hellip; <a href=\"https:\/\/www.andersonlawfirm.law\/es\/que-hacer-despues-de-accidente-automovilistico\/\" class=\"more-link\">Continue reading<span class=\"sr-only\">about Qu\u00e9 hacer despu\u00e9s de accidente automovil\u00edstico<\/span><\/a><\/p>\n","protected":false},"author":1,"featured_media":24590,"parent":24660,"menu_order":0,"comment_status":"closed","ping_status":"closed","template":"","meta":{"_acf_changed":false,"footnotes":""},"class_list":["post-24675","page","type-page","status-publish","has-post-thumbnail","hentry"],"acf":[],"yoast_head":"<!-- This site is optimized with the Yoast SEO plugin v25.6 - https:\/\/yoast.com\/wordpress\/plugins\/seo\/ -->\n<title>Qu\u00e9 hacer en Charleston, SC, despu\u00e9s de un accidente automovil\u00edstico | West Ashley, James Island<\/title>\n<meta name=\"description\" content=\"En el bufete legal de Charleston, Taylor Anderson Law Firm, proporcionamos asesoramiento legal confiable sobre su reclamaci\u00f3n por accidente automovil\u00edstico, \u00a1ayud\u00e1ndole a proteger su salud y sus derechos, en busca de una compensaci\u00f3n!\" \/>\n<meta name=\"robots\" content=\"index, follow, max-snippet:-1, max-image-preview:large, max-video-preview:-1\" \/>\n<link rel=\"canonical\" href=\"https:\/\/www.andersonlawfirm.law\/es\/que-hacer-despues-de-accidente-automovilistico\/\" \/>\n<meta property=\"og:locale\" content=\"es_ES\" \/>\n<meta property=\"og:type\" content=\"article\" \/>\n<meta property=\"og:title\" content=\"Qu\u00e9 hacer en Charleston, SC, despu\u00e9s de un accidente automovil\u00edstico | West Ashley, James Island\" \/>\n<meta property=\"og:description\" content=\"En el bufete legal de Charleston, Taylor Anderson Law Firm, proporcionamos asesoramiento legal confiable sobre su reclamaci\u00f3n por accidente automovil\u00edstico, \u00a1ayud\u00e1ndole a proteger su salud y sus derechos, en busca de una compensaci\u00f3n!\" \/>\n<meta property=\"og:url\" content=\"https:\/\/www.andersonlawfirm.law\/es\/que-hacer-despues-de-accidente-automovilistico\/\" \/>\n<meta property=\"og:site_name\" content=\"Taylor Anderson Law Firm\" \/>\n<meta property=\"article:modified_time\" content=\"2023-03-17T14:21:21+00:00\" \/>\n<meta property=\"og:image\" content=\"https:\/\/www.andersonlawfirm.law\/wp-content\/uploads\/2017\/12\/MOTOR-VEHICLE-ACCIDENTS.jpg\" \/>\n\t<meta property=\"og:image:width\" content=\"1920\" \/>\n\t<meta property=\"og:image:height\" content=\"800\" \/>\n\t<meta property=\"og:image:type\" content=\"image\/jpeg\" \/>\n<meta name=\"twitter:card\" content=\"summary_large_image\" \/>\n<meta name=\"twitter:label1\" content=\"Tiempo de lectura\" \/>\n\t<meta name=\"twitter:data1\" content=\"3 minutos\" \/>\n<!-- \/ Yoast SEO plugin. -->","yoast_head_json":{"title":"Qu\u00e9 hacer en Charleston, SC, despu\u00e9s de un accidente automovil\u00edstico | West Ashley, James Island","description":"En el bufete legal de Charleston, Taylor Anderson Law Firm, proporcionamos asesoramiento legal confiable sobre su reclamaci\u00f3n por accidente automovil\u00edstico, \u00a1ayud\u00e1ndole a proteger su salud y sus derechos, en busca de una compensaci\u00f3n!","robots":{"index":"index","follow":"follow","max-snippet":"max-snippet:-1","max-image-preview":"max-image-preview:large","max-video-preview":"max-video-preview:-1"},"canonical":"https:\/\/www.andersonlawfirm.law\/es\/que-hacer-despues-de-accidente-automovilistico\/","og_locale":"es_ES","og_type":"article","og_title":"Qu\u00e9 hacer en Charleston, SC, despu\u00e9s de un accidente automovil\u00edstico | West Ashley, James Island","og_description":"En el bufete legal de Charleston, Taylor Anderson Law Firm, proporcionamos asesoramiento legal confiable sobre su reclamaci\u00f3n por accidente automovil\u00edstico, \u00a1ayud\u00e1ndole a proteger su salud y sus derechos, en busca de una compensaci\u00f3n!","og_url":"https:\/\/www.andersonlawfirm.law\/es\/que-hacer-despues-de-accidente-automovilistico\/","og_site_name":"Taylor Anderson Law Firm","article_modified_time":"2023-03-17T14:21:21+00:00","og_image":[{"width":1920,"height":800,"url":"https:\/\/www.andersonlawfirm.law\/wp-content\/uploads\/2017\/12\/MOTOR-VEHICLE-ACCIDENTS.jpg","type":"image\/jpeg"}],"twitter_card":"summary_large_image","twitter_misc":{"Tiempo de lectura":"3 minutos"},"schema":{"@context":"https:\/\/schema.org","@graph":[{"@type":"WebPage","@id":"https:\/\/www.andersonlawfirm.law\/es\/que-hacer-despues-de-accidente-automovilistico\/","url":"https:\/\/www.andersonlawfirm.law\/es\/que-hacer-despues-de-accidente-automovilistico\/","name":"Qu\u00e9 hacer en Charleston, SC, despu\u00e9s de un accidente automovil\u00edstico | West Ashley, James Island","isPartOf":{"@id":"https:\/\/www.andersonlawfirm.law\/es\/#website"},"primaryImageOfPage":{"@id":"https:\/\/www.andersonlawfirm.law\/es\/que-hacer-despues-de-accidente-automovilistico\/#primaryimage"},"image":{"@id":"https:\/\/www.andersonlawfirm.law\/es\/que-hacer-despues-de-accidente-automovilistico\/#primaryimage"},"thumbnailUrl":"https:\/\/www.andersonlawfirm.law\/wp-content\/uploads\/2017\/12\/MOTOR-VEHICLE-ACCIDENTS.jpg","datePublished":"2017-12-11T16:19:03+00:00","dateModified":"2023-03-17T14:21:21+00:00","description":"En el bufete legal de Charleston, Taylor Anderson Law Firm, proporcionamos asesoramiento legal confiable sobre su reclamaci\u00f3n por accidente automovil\u00edstico, \u00a1ayud\u00e1ndole a proteger su salud y sus derechos, en busca de una compensaci\u00f3n!","breadcrumb":{"@id":"https:\/\/www.andersonlawfirm.law\/es\/que-hacer-despues-de-accidente-automovilistico\/#breadcrumb"},"inLanguage":"es","potentialAction":[{"@type":"ReadAction","target":["https:\/\/www.andersonlawfirm.law\/es\/que-hacer-despues-de-accidente-automovilistico\/"]}]},{"@type":"ImageObject","inLanguage":"es","@id":"https:\/\/www.andersonlawfirm.law\/es\/que-hacer-despues-de-accidente-automovilistico\/#primaryimage","url":"https:\/\/www.andersonlawfirm.law\/wp-content\/uploads\/2017\/12\/MOTOR-VEHICLE-ACCIDENTS.jpg","contentUrl":"https:\/\/www.andersonlawfirm.law\/wp-content\/uploads\/2017\/12\/MOTOR-VEHICLE-ACCIDENTS.jpg","width":1920,"height":800,"caption":"Un bombero se encuentra cerca de dos veh\u00edculos muy da\u00f1ados, uno de los cuales est\u00e1 volcado, en la escena de un accidente automovil\u00edstico."},{"@type":"BreadcrumbList","@id":"https:\/\/www.andersonlawfirm.law\/es\/que-hacer-despues-de-accidente-automovilistico\/#breadcrumb","itemListElement":[{"@type":"ListItem","position":1,"name":"Home","item":"https:\/\/www.andersonlawfirm.law\/es\/"},{"@type":"ListItem","position":2,"name":"Practice Areas","item":"https:\/\/www.andersonlawfirm.law\/es\/personal-injury\/"},{"@type":"ListItem","position":3,"name":"Accidentes de veh\u00edculos motorizados","item":"https:\/\/www.andersonlawfirm.law\/es\/accidentes-vehiculos-motor\/"},{"@type":"ListItem","position":4,"name":"Qu\u00e9 hacer despu\u00e9s de accidente automovil\u00edstico"}]},{"@type":"WebSite","@id":"https:\/\/www.andersonlawfirm.law\/es\/#website","url":"https:\/\/www.andersonlawfirm.law\/es\/","name":"Taylor Anderson Law Firm","description":"","potentialAction":[{"@type":"SearchAction","target":{"@type":"EntryPoint","urlTemplate":"https:\/\/www.andersonlawfirm.law\/es\/?s={search_term_string}"},"query-input":{"@type":"PropertyValueSpecification","valueRequired":true,"valueName":"search_term_string"}}],"inLanguage":"es"}]}},"_links":{"self":[{"href":"https:\/\/www.andersonlawfirm.law\/es\/wp-json\/wp\/v2\/pages\/24675","targetHints":{"allow":["GET"]}}],"collection":[{"href":"https:\/\/www.andersonlawfirm.law\/es\/wp-json\/wp\/v2\/pages"}],"about":[{"href":"https:\/\/www.andersonlawfirm.law\/es\/wp-json\/wp\/v2\/types\/page"}],"author":[{"embeddable":true,"href":"https:\/\/www.andersonlawfirm.law\/es\/wp-json\/wp\/v2\/users\/1"}],"replies":[{"embeddable":true,"href":"https:\/\/www.andersonlawfirm.law\/es\/wp-json\/wp\/v2\/comments?post=24675"}],"version-history":[{"count":3,"href":"https:\/\/www.andersonlawfirm.law\/es\/wp-json\/wp\/v2\/pages\/24675\/revisions"}],"predecessor-version":[{"id":24764,"href":"https:\/\/www.andersonlawfirm.law\/es\/wp-json\/wp\/v2\/pages\/24675\/revisions\/24764"}],"up":[{"embeddable":true,"href":"https:\/\/www.andersonlawfirm.law\/es\/wp-json\/wp\/v2\/pages\/24660"}],"wp:featuredmedia":[{"embeddable":true,"href":"https:\/\/www.andersonlawfirm.law\/es\/wp-json\/wp\/v2\/media\/24590"}],"wp:attachment":[{"href":"https:\/\/www.andersonlawfirm.law\/es\/wp-json\/wp\/v2\/media?parent=24675"}],"curies":[{"name":"wp","href":"https:\/\/api.w.org\/{rel}","templated":true}]}}