{"id":24679,"date":"2017-12-11T16:40:43","date_gmt":"2017-12-11T16:40:43","guid":{"rendered":"https:\/\/www.andersonlawfirm.law\/?page_id=24679"},"modified":"2023-03-17T14:30:39","modified_gmt":"2023-03-17T14:30:39","slug":"lesiones-corporales-graves","status":"publish","type":"page","link":"https:\/\/www.andersonlawfirm.law\/es\/personal-injury\/lesiones-corporales-graves\/","title":{"rendered":"Lesiones corporales graves"},"content":{"rendered":"<h1>LESIONES CORPORALES GRAVES<\/h1>\n<p>En funci\u00f3n de las circunstancias del accidente, cada individuo experimentar\u00e1 diferentes tipos de lesiones, algunas de las cuales pudieran ser emocionales, mentales y psicol\u00f3gicas. Sin embargo, los da\u00f1os y lesiones corporales graves pertenecen a una clasificaci\u00f3n propia. Ya sea a causa de acciones deliberadas o no intencionadas, los da\u00f1os corporales graves llevan asociados un considerable riesgo de muerte, desfiguraci\u00f3n o deterioro f\u00edsico grave. Sin lugar a duda, estas lesiones suelen ser catastr\u00f3ficas y pueden incluir:<\/p>\n<ul>\n<li>Amputaci\u00f3n<\/li>\n<li><a href=\"https:\/\/www.andersonlawfirm.law\/es\/lesiones-quemaduras\/\">Lesi\u00f3n por quemadura<\/a><\/li>\n<li><a href=\"https:\/\/www.andersonlawfirm.law\/es\/lesiones-cerebrales\/\">Da\u00f1o cerebral<\/a><\/li>\n<li>Desfiguraci\u00f3n<\/li>\n<li>P\u00e9rdida de funcionalidad en extremidades<\/li>\n<li>Laceraciones graves<\/li>\n<li>Lesi\u00f3n de m\u00e9dula espinal<\/li>\n<\/ul>\n<p>Muchos casos de lesiones corporales graves suceden a causa de negligencias, por lo que, si usted o un ser querido han sufrido lesiones corporales graves debido a esta raz\u00f3n en Charleston, West Ashley, James Island o en cualquier otro lugar de Carolina del Sur o Georgia, en el bufete legal <a href=\"https:\/\/www.andersonlawfirm.law\/es\/\">Taylor Anderson Law Firm<\/a>, estamos a su entera disposici\u00f3n para brindarle representaci\u00f3n legal. Taylor es un abogado que trabajar\u00e1 incansablemente para asegurarse de que usted es compensado por los da\u00f1os, gastos m\u00e9dicos, p\u00e9rdida de ingresos, dolor y sufrimiento que haya o est\u00e9 padeciendo.<\/p>\n<p>Para una evaluaci\u00f3n gratuita de las lesiones sufridas y de su reclamaci\u00f3n, comun\u00edquese hoy mismo con Taylor Anderson Law Firm.<\/p>\n<h2>REPRESENTACI\u00d3N EXPERIMENTADA TRAS UNA LESI\u00d3N CATASTR\u00d3FICA<\/h2>\n<p>Sin lugar a duda, una lesi\u00f3n catastr\u00f3fica puede arruinar la vida de una persona por completo. Adem\u00e1s, sus familiares tambi\u00e9n pueden verse afectados, ya que las lesiones graves pueden impedirle trabajar, priv\u00e1ndoles de ingresos.<\/p>\n<p>Taylor Anderson entiende los desaf\u00edos y obst\u00e1culos a que se enfrentan las v\u00edctimas de lesiones graves y sus familias, ya que pueden cambiar sus vidas. Desde la necesidad de recibir atenci\u00f3n m\u00e9dica prolongada o incluso cirug\u00edas, hasta fisioterapias, rehabilitaci\u00f3n y orientaci\u00f3n de salud mental, las v\u00edctimas necesitan apoyo adicional constante que les ayude a seguir adelante. Mientras tanto, Taylor trabajar\u00e1 para asistir a las personas lesionadas y a sus familias, ayud\u00e1ndolas a recuperar los fondos relacionados con los da\u00f1os sufridos, as\u00ed como los salarios perdidos, la compensaci\u00f3n por el dolor, el padecimiento y las necesidades futuras.<\/p>\n<p>Para analizar de manera gratuita su caso, p\u00f3ngase en <a href=\"https:\/\/www.andersonlawfirm.law\/es\/comun%C3%ADquese-bufete-anderson-law-firm\/\">contacto<\/a> hoy mismo con Taylor Anderson Law Firm.<\/p>\n","protected":false},"excerpt":{"rendered":"<p>LESIONES CORPORALES GRAVES En funci\u00f3n de las circunstancias del accidente, cada individuo experimentar\u00e1 diferentes tipos de lesiones, algunas de las cuales pudieran ser emocionales, mentales y psicol\u00f3gicas. Sin embargo, los da\u00f1os y lesiones corporales graves pertenecen a una clasificaci\u00f3n propia. Ya sea a causa de acciones deliberadas o no intencionadas, los da\u00f1os corporales graves llevan&hellip; <a href=\"https:\/\/www.andersonlawfirm.law\/es\/personal-injury\/lesiones-corporales-graves\/\" class=\"more-link\">Continue reading<span class=\"sr-only\">about Lesiones corporales graves<\/span><\/a><\/p>\n","protected":false},"author":1,"featured_media":24599,"parent":24698,"menu_order":0,"comment_status":"closed","ping_status":"closed","template":"","meta":{"_acf_changed":false,"footnotes":""},"class_list":["post-24679","page","type-page","status-publish","has-post-thumbnail","hentry"],"acf":[],"yoast_head":"<!-- This site is optimized with the Yoast SEO plugin v25.6 - https:\/\/yoast.com\/wordpress\/plugins\/seo\/ -->\n<title>Abogado en Charleston, SC, experto en lesiones corporales graves | West Ashley, James Island<\/title>\n<meta name=\"description\" content=\"\u00bfUsted o un ser querido han sufrido lesiones corporales graves o que cambiaron sus vidas en Charleston, West Ashley o James Island? \u00a1Llame hoy mismo al bufete legal Taylor Anderson Law Firm!\" \/>\n<meta name=\"robots\" content=\"index, follow, max-snippet:-1, max-image-preview:large, max-video-preview:-1\" \/>\n<link rel=\"canonical\" href=\"https:\/\/www.andersonlawfirm.law\/es\/personal-injury\/lesiones-corporales-graves\/\" \/>\n<meta property=\"og:locale\" content=\"es_ES\" \/>\n<meta property=\"og:type\" content=\"article\" \/>\n<meta property=\"og:title\" content=\"Abogado en Charleston, SC, experto en lesiones corporales graves | West Ashley, James Island\" \/>\n<meta property=\"og:description\" content=\"\u00bfUsted o un ser querido han sufrido lesiones corporales graves o que cambiaron sus vidas en Charleston, West Ashley o James Island? \u00a1Llame hoy mismo al bufete legal Taylor Anderson Law Firm!\" \/>\n<meta property=\"og:url\" content=\"https:\/\/www.andersonlawfirm.law\/es\/personal-injury\/lesiones-corporales-graves\/\" \/>\n<meta property=\"og:site_name\" content=\"Taylor Anderson Law Firm\" \/>\n<meta property=\"article:modified_time\" content=\"2023-03-17T14:30:39+00:00\" \/>\n<meta property=\"og:image\" content=\"https:\/\/www.andersonlawfirm.law\/wp-content\/uploads\/2017\/12\/SERIOUS-BODILY-HARM.jpg\" \/>\n\t<meta property=\"og:image:width\" content=\"1920\" \/>\n\t<meta property=\"og:image:height\" content=\"800\" \/>\n\t<meta property=\"og:image:type\" content=\"image\/jpeg\" \/>\n<meta name=\"twitter:card\" content=\"summary_large_image\" \/>\n<meta name=\"twitter:label1\" content=\"Tiempo de lectura\" \/>\n\t<meta name=\"twitter:data1\" content=\"2 minutos\" \/>\n<!-- \/ Yoast SEO plugin. -->","yoast_head_json":{"title":"Abogado en Charleston, SC, experto en lesiones corporales graves | West Ashley, James Island","description":"\u00bfUsted o un ser querido han sufrido lesiones corporales graves o que cambiaron sus vidas en Charleston, West Ashley o James Island? \u00a1Llame hoy mismo al bufete legal Taylor Anderson Law Firm!","robots":{"index":"index","follow":"follow","max-snippet":"max-snippet:-1","max-image-preview":"max-image-preview:large","max-video-preview":"max-video-preview:-1"},"canonical":"https:\/\/www.andersonlawfirm.law\/es\/personal-injury\/lesiones-corporales-graves\/","og_locale":"es_ES","og_type":"article","og_title":"Abogado en Charleston, SC, experto en lesiones corporales graves | West Ashley, James Island","og_description":"\u00bfUsted o un ser querido han sufrido lesiones corporales graves o que cambiaron sus vidas en Charleston, West Ashley o James Island? \u00a1Llame hoy mismo al bufete legal Taylor Anderson Law Firm!","og_url":"https:\/\/www.andersonlawfirm.law\/es\/personal-injury\/lesiones-corporales-graves\/","og_site_name":"Taylor Anderson Law Firm","article_modified_time":"2023-03-17T14:30:39+00:00","og_image":[{"width":1920,"height":800,"url":"https:\/\/www.andersonlawfirm.law\/wp-content\/uploads\/2017\/12\/SERIOUS-BODILY-HARM.jpg","type":"image\/jpeg"}],"twitter_card":"summary_large_image","twitter_misc":{"Tiempo de lectura":"2 minutos"},"schema":{"@context":"https:\/\/schema.org","@graph":[{"@type":"WebPage","@id":"https:\/\/www.andersonlawfirm.law\/es\/personal-injury\/lesiones-corporales-graves\/","url":"https:\/\/www.andersonlawfirm.law\/es\/personal-injury\/lesiones-corporales-graves\/","name":"Abogado en Charleston, SC, experto en lesiones corporales graves | West Ashley, James Island","isPartOf":{"@id":"https:\/\/www.andersonlawfirm.law\/es\/#website"},"primaryImageOfPage":{"@id":"https:\/\/www.andersonlawfirm.law\/es\/personal-injury\/lesiones-corporales-graves\/#primaryimage"},"image":{"@id":"https:\/\/www.andersonlawfirm.law\/es\/personal-injury\/lesiones-corporales-graves\/#primaryimage"},"thumbnailUrl":"https:\/\/www.andersonlawfirm.law\/wp-content\/uploads\/2017\/12\/SERIOUS-BODILY-HARM.jpg","datePublished":"2017-12-11T16:40:43+00:00","dateModified":"2023-03-17T14:30:39+00:00","description":"\u00bfUsted o un ser querido han sufrido lesiones corporales graves o que cambiaron sus vidas en Charleston, West Ashley o James Island? \u00a1Llame hoy mismo al bufete legal Taylor Anderson Law Firm!","breadcrumb":{"@id":"https:\/\/www.andersonlawfirm.law\/es\/personal-injury\/lesiones-corporales-graves\/#breadcrumb"},"inLanguage":"es","potentialAction":[{"@type":"ReadAction","target":["https:\/\/www.andersonlawfirm.law\/es\/personal-injury\/lesiones-corporales-graves\/"]}]},{"@type":"ImageObject","inLanguage":"es","@id":"https:\/\/www.andersonlawfirm.law\/es\/personal-injury\/lesiones-corporales-graves\/#primaryimage","url":"https:\/\/www.andersonlawfirm.law\/wp-content\/uploads\/2017\/12\/SERIOUS-BODILY-HARM.jpg","contentUrl":"https:\/\/www.andersonlawfirm.law\/wp-content\/uploads\/2017\/12\/SERIOUS-BODILY-HARM.jpg","width":1920,"height":800,"caption":"Una fotograf\u00eda borrosa en movimiento de una ambulancia circulando a toda velocidad con luces intermitentes durante la noche."},{"@type":"BreadcrumbList","@id":"https:\/\/www.andersonlawfirm.law\/es\/personal-injury\/lesiones-corporales-graves\/#breadcrumb","itemListElement":[{"@type":"ListItem","position":1,"name":"Home","item":"https:\/\/www.andersonlawfirm.law\/es\/"},{"@type":"ListItem","position":2,"name":"Practice Areas","item":"https:\/\/www.andersonlawfirm.law\/es\/personal-injury\/"},{"@type":"ListItem","position":3,"name":"Lesiones corporales graves"}]},{"@type":"WebSite","@id":"https:\/\/www.andersonlawfirm.law\/es\/#website","url":"https:\/\/www.andersonlawfirm.law\/es\/","name":"Taylor Anderson Law Firm","description":"","potentialAction":[{"@type":"SearchAction","target":{"@type":"EntryPoint","urlTemplate":"https:\/\/www.andersonlawfirm.law\/es\/?s={search_term_string}"},"query-input":{"@type":"PropertyValueSpecification","valueRequired":true,"valueName":"search_term_string"}}],"inLanguage":"es"}]}},"_links":{"self":[{"href":"https:\/\/www.andersonlawfirm.law\/es\/wp-json\/wp\/v2\/pages\/24679","targetHints":{"allow":["GET"]}}],"collection":[{"href":"https:\/\/www.andersonlawfirm.law\/es\/wp-json\/wp\/v2\/pages"}],"about":[{"href":"https:\/\/www.andersonlawfirm.law\/es\/wp-json\/wp\/v2\/types\/page"}],"author":[{"embeddable":true,"href":"https:\/\/www.andersonlawfirm.law\/es\/wp-json\/wp\/v2\/users\/1"}],"replies":[{"embeddable":true,"href":"https:\/\/www.andersonlawfirm.law\/es\/wp-json\/wp\/v2\/comments?post=24679"}],"version-history":[{"count":5,"href":"https:\/\/www.andersonlawfirm.law\/es\/wp-json\/wp\/v2\/pages\/24679\/revisions"}],"predecessor-version":[{"id":24769,"href":"https:\/\/www.andersonlawfirm.law\/es\/wp-json\/wp\/v2\/pages\/24679\/revisions\/24769"}],"up":[{"embeddable":true,"href":"https:\/\/www.andersonlawfirm.law\/es\/wp-json\/wp\/v2\/pages\/24698"}],"wp:featuredmedia":[{"embeddable":true,"href":"https:\/\/www.andersonlawfirm.law\/es\/wp-json\/wp\/v2\/media\/24599"}],"wp:attachment":[{"href":"https:\/\/www.andersonlawfirm.law\/es\/wp-json\/wp\/v2\/media?parent=24679"}],"curies":[{"name":"wp","href":"https:\/\/api.w.org\/{rel}","templated":true}]}}