{"id":24681,"date":"2017-12-11T16:41:13","date_gmt":"2017-12-11T16:41:13","guid":{"rendered":"https:\/\/www.andersonlawfirm.law\/?page_id=24681"},"modified":"2023-03-17T14:33:03","modified_gmt":"2023-03-17T14:33:03","slug":"dano-cerebral","status":"publish","type":"page","link":"https:\/\/www.andersonlawfirm.law\/es\/lesiones-cerebrales\/","title":{"rendered":"Da\u00f1o cerebral"},"content":{"rendered":"<h1>ABOGADO EXPERTO EN TRAUMATISMOS CRANEOENCEF\u00c1LICOS<\/h1>\n<p>Los traumatismos craneoencef\u00e1licos (o TBI, por sus siglas en ingl\u00e9s), ocurren frecuentemente en los casos <a href=\"https:\/\/www.andersonlawfirm.law\/es\/personal-injury\/lesiones-corporales-graves\/\">m\u00e1s graves de lesiones personales<\/a>. Pueden ser causados por un fuerte golpe en la cabeza como consecuencia de ca\u00eddas, accidentes en sitios de construcci\u00f3n, accidentes automovil\u00edsticos, asaltos con violencia y accidentes industriales. Muchas veces, los traumatismos craneoencef\u00e1licos ocurren en el lugar de trabajo, en cuyo caso, adem\u00e1s de la posible reclamaci\u00f3n por compensaci\u00f3n laboral contra el empleador, la persona lesionada podr\u00eda tener un recurso legal contra terceros por negligencia y responsabilidad por el da\u00f1o sufrido. Tambi\u00e9n existen casos de asaltos con violencia o negligencias m\u00e9dicas que conducen a una lesi\u00f3n de estas caracter\u00edsticas.<\/p>\n<p>Aunque determinar la responsabilidad es importante, resulta igualmente fundamental examinar el alcance que el traumatismo craneoencef\u00e1lico (o TBI, por sus siglas en ingl\u00e9s) ha tenido en la persona afectada, ya que esto pudiera convertirse en la base de la reclamaci\u00f3n para obtener una compensaci\u00f3n para el futuro. Como abogado experto en traumatismos craneoencef\u00e1licos, que presta servicios en Charleston, West Ashley y James Island, Taylor Anderson comprende las complejidades involucradas en las lesiones personales de \u00e9ste y otro tipo, que involucran negligencia. Las v\u00edctimas y sus familias conf\u00edan en Taylor para ser defendidos, gracias a su amplia experiencia y motivaci\u00f3n.<\/p>\n<p>Para una evaluaci\u00f3n gratuita de su caso, <a href=\"https:\/\/www.andersonlawfirm.law\/es\/comun%C3%ADquese-bufete-anderson-law-firm\/\">comun\u00edquese<\/a> hoy mismo con el bufete legal Taylor Anderson Law Firm.<\/p>\n<h2>ABOGADO EXPERTO EN CASOS DE LESIONES POR TRAUMATISMOS CRANEOENCEF\u00c1LICOS EN CAROLINA DEL SUR Y GEORGIA<\/h2>\n<p>Tras sufrir un traumatismo craneoencef\u00e1lico (o TBI, por sus siglas en ingl\u00e9s), las v\u00edctimas experimentan una serie de s\u00edntomas que van desde la incapacidad para caminar o la p\u00e9rdida de habilidades motoras finas, hasta problemas para procesar informaci\u00f3n o recordar personas. Para los familiares y amigos, ver como un ser querido trata de luchar f\u00edsica y emocionalmente cada d\u00eda, resulta muy dif\u00edcil.<\/p>\n<p>Taylor Anderson se compromete a ayudar a las v\u00edctimas y a sus seres queridos a transitar por todo este angustiante proceso de la manera m\u00e1s fluida posible, ya que tiene una amplia visi\u00f3n de los efectos que experimentan las personas afectadas por una lesi\u00f3n por traumatismo craneoencef\u00e1lico, y todo su entorno. Para ello, si hubo negligencia, Taylor hace que su misi\u00f3n sea demostrarla para obtener la m\u00e1xima compensaci\u00f3n que cubra los da\u00f1os y las p\u00e9rdidas que se hayan ocasionado. <\/p>\n<p>Si usted o un ser querido han sufrido lesiones por traumatismo craneoencef\u00e1lico en Carolina del Sur o Georgia, llame hoy mismo a Taylor Anderson.<\/p>\n","protected":false},"excerpt":{"rendered":"<p>ABOGADO EXPERTO EN TRAUMATISMOS CRANEOENCEF\u00c1LICOS Los traumatismos craneoencef\u00e1licos (o TBI, por sus siglas en ingl\u00e9s), ocurren frecuentemente en los casos m\u00e1s graves de lesiones personales. Pueden ser causados por un fuerte golpe en la cabeza como consecuencia de ca\u00eddas, accidentes en sitios de construcci\u00f3n, accidentes automovil\u00edsticos, asaltos con violencia y accidentes industriales. Muchas veces, los&hellip; <a href=\"https:\/\/www.andersonlawfirm.law\/es\/lesiones-cerebrales\/\" class=\"more-link\">Continue reading<span class=\"sr-only\">about Da\u00f1o cerebral<\/span><\/a><\/p>\n","protected":false},"author":1,"featured_media":24599,"parent":24679,"menu_order":0,"comment_status":"closed","ping_status":"closed","template":"","meta":{"_acf_changed":false,"footnotes":""},"class_list":["post-24681","page","type-page","status-publish","has-post-thumbnail","hentry"],"acf":[],"yoast_head":"<!-- This site is optimized with the Yoast SEO plugin v25.6 - https:\/\/yoast.com\/wordpress\/plugins\/seo\/ -->\n<title>Abogado en Charleston, SC, experto en lesiones por traumatismos craneoencef\u00e1licos | West Ashley, James Island<\/title>\n<meta name=\"description\" content=\"\u00a1En el bufete legal Taylor Anderson Law Firm, representamos a v\u00edctimas que han sufrido lesiones por traumatismos craneoencef\u00e1licos en Charleston, West Ashley y James Island, ayud\u00e1ndolas a que se haga justicia y reciban la m\u00e1xima compensaci\u00f3n!\" \/>\n<meta name=\"robots\" content=\"index, follow, max-snippet:-1, max-image-preview:large, max-video-preview:-1\" \/>\n<link rel=\"canonical\" href=\"https:\/\/www.andersonlawfirm.law\/es\/lesiones-cerebrales\/\" \/>\n<meta property=\"og:locale\" content=\"es_ES\" \/>\n<meta property=\"og:type\" content=\"article\" \/>\n<meta property=\"og:title\" content=\"Abogado en Charleston, SC, experto en lesiones por traumatismos craneoencef\u00e1licos | West Ashley, James Island\" \/>\n<meta property=\"og:description\" content=\"\u00a1En el bufete legal Taylor Anderson Law Firm, representamos a v\u00edctimas que han sufrido lesiones por traumatismos craneoencef\u00e1licos en Charleston, West Ashley y James Island, ayud\u00e1ndolas a que se haga justicia y reciban la m\u00e1xima compensaci\u00f3n!\" \/>\n<meta property=\"og:url\" content=\"https:\/\/www.andersonlawfirm.law\/es\/lesiones-cerebrales\/\" \/>\n<meta property=\"og:site_name\" content=\"Taylor Anderson Law Firm\" \/>\n<meta property=\"article:modified_time\" content=\"2023-03-17T14:33:03+00:00\" \/>\n<meta property=\"og:image\" content=\"https:\/\/www.andersonlawfirm.law\/wp-content\/uploads\/2017\/12\/SERIOUS-BODILY-HARM.jpg\" \/>\n\t<meta property=\"og:image:width\" content=\"1920\" \/>\n\t<meta property=\"og:image:height\" content=\"800\" \/>\n\t<meta property=\"og:image:type\" content=\"image\/jpeg\" \/>\n<meta name=\"twitter:card\" content=\"summary_large_image\" \/>\n<meta name=\"twitter:label1\" content=\"Tiempo de lectura\" \/>\n\t<meta name=\"twitter:data1\" content=\"2 minutos\" \/>\n<!-- \/ Yoast SEO plugin. -->","yoast_head_json":{"title":"Abogado en Charleston, SC, experto en lesiones por traumatismos craneoencef\u00e1licos | West Ashley, James Island","description":"\u00a1En el bufete legal Taylor Anderson Law Firm, representamos a v\u00edctimas que han sufrido lesiones por traumatismos craneoencef\u00e1licos en Charleston, West Ashley y James Island, ayud\u00e1ndolas a que se haga justicia y reciban la m\u00e1xima compensaci\u00f3n!","robots":{"index":"index","follow":"follow","max-snippet":"max-snippet:-1","max-image-preview":"max-image-preview:large","max-video-preview":"max-video-preview:-1"},"canonical":"https:\/\/www.andersonlawfirm.law\/es\/lesiones-cerebrales\/","og_locale":"es_ES","og_type":"article","og_title":"Abogado en Charleston, SC, experto en lesiones por traumatismos craneoencef\u00e1licos | West Ashley, James Island","og_description":"\u00a1En el bufete legal Taylor Anderson Law Firm, representamos a v\u00edctimas que han sufrido lesiones por traumatismos craneoencef\u00e1licos en Charleston, West Ashley y James Island, ayud\u00e1ndolas a que se haga justicia y reciban la m\u00e1xima compensaci\u00f3n!","og_url":"https:\/\/www.andersonlawfirm.law\/es\/lesiones-cerebrales\/","og_site_name":"Taylor Anderson Law Firm","article_modified_time":"2023-03-17T14:33:03+00:00","og_image":[{"width":1920,"height":800,"url":"https:\/\/www.andersonlawfirm.law\/wp-content\/uploads\/2017\/12\/SERIOUS-BODILY-HARM.jpg","type":"image\/jpeg"}],"twitter_card":"summary_large_image","twitter_misc":{"Tiempo de lectura":"2 minutos"},"schema":{"@context":"https:\/\/schema.org","@graph":[{"@type":"WebPage","@id":"https:\/\/www.andersonlawfirm.law\/es\/lesiones-cerebrales\/","url":"https:\/\/www.andersonlawfirm.law\/es\/lesiones-cerebrales\/","name":"Abogado en Charleston, SC, experto en lesiones por traumatismos craneoencef\u00e1licos | West Ashley, James Island","isPartOf":{"@id":"https:\/\/www.andersonlawfirm.law\/es\/#website"},"primaryImageOfPage":{"@id":"https:\/\/www.andersonlawfirm.law\/es\/lesiones-cerebrales\/#primaryimage"},"image":{"@id":"https:\/\/www.andersonlawfirm.law\/es\/lesiones-cerebrales\/#primaryimage"},"thumbnailUrl":"https:\/\/www.andersonlawfirm.law\/wp-content\/uploads\/2017\/12\/SERIOUS-BODILY-HARM.jpg","datePublished":"2017-12-11T16:41:13+00:00","dateModified":"2023-03-17T14:33:03+00:00","description":"\u00a1En el bufete legal Taylor Anderson Law Firm, representamos a v\u00edctimas que han sufrido lesiones por traumatismos craneoencef\u00e1licos en Charleston, West Ashley y James Island, ayud\u00e1ndolas a que se haga justicia y reciban la m\u00e1xima compensaci\u00f3n!","breadcrumb":{"@id":"https:\/\/www.andersonlawfirm.law\/es\/lesiones-cerebrales\/#breadcrumb"},"inLanguage":"es","potentialAction":[{"@type":"ReadAction","target":["https:\/\/www.andersonlawfirm.law\/es\/lesiones-cerebrales\/"]}]},{"@type":"ImageObject","inLanguage":"es","@id":"https:\/\/www.andersonlawfirm.law\/es\/lesiones-cerebrales\/#primaryimage","url":"https:\/\/www.andersonlawfirm.law\/wp-content\/uploads\/2017\/12\/SERIOUS-BODILY-HARM.jpg","contentUrl":"https:\/\/www.andersonlawfirm.law\/wp-content\/uploads\/2017\/12\/SERIOUS-BODILY-HARM.jpg","width":1920,"height":800,"caption":"Una fotograf\u00eda borrosa en movimiento de una ambulancia circulando a toda velocidad con luces intermitentes durante la noche."},{"@type":"BreadcrumbList","@id":"https:\/\/www.andersonlawfirm.law\/es\/lesiones-cerebrales\/#breadcrumb","itemListElement":[{"@type":"ListItem","position":1,"name":"Home","item":"https:\/\/www.andersonlawfirm.law\/es\/"},{"@type":"ListItem","position":2,"name":"Practice Areas","item":"https:\/\/www.andersonlawfirm.law\/es\/personal-injury\/"},{"@type":"ListItem","position":3,"name":"Lesiones corporales graves","item":"https:\/\/www.andersonlawfirm.law\/es\/personal-injury\/lesiones-corporales-graves\/"},{"@type":"ListItem","position":4,"name":"Da\u00f1o cerebral"}]},{"@type":"WebSite","@id":"https:\/\/www.andersonlawfirm.law\/es\/#website","url":"https:\/\/www.andersonlawfirm.law\/es\/","name":"Taylor Anderson Law Firm","description":"","potentialAction":[{"@type":"SearchAction","target":{"@type":"EntryPoint","urlTemplate":"https:\/\/www.andersonlawfirm.law\/es\/?s={search_term_string}"},"query-input":{"@type":"PropertyValueSpecification","valueRequired":true,"valueName":"search_term_string"}}],"inLanguage":"es"}]}},"_links":{"self":[{"href":"https:\/\/www.andersonlawfirm.law\/es\/wp-json\/wp\/v2\/pages\/24681","targetHints":{"allow":["GET"]}}],"collection":[{"href":"https:\/\/www.andersonlawfirm.law\/es\/wp-json\/wp\/v2\/pages"}],"about":[{"href":"https:\/\/www.andersonlawfirm.law\/es\/wp-json\/wp\/v2\/types\/page"}],"author":[{"embeddable":true,"href":"https:\/\/www.andersonlawfirm.law\/es\/wp-json\/wp\/v2\/users\/1"}],"replies":[{"embeddable":true,"href":"https:\/\/www.andersonlawfirm.law\/es\/wp-json\/wp\/v2\/comments?post=24681"}],"version-history":[{"count":3,"href":"https:\/\/www.andersonlawfirm.law\/es\/wp-json\/wp\/v2\/pages\/24681\/revisions"}],"predecessor-version":[{"id":24770,"href":"https:\/\/www.andersonlawfirm.law\/es\/wp-json\/wp\/v2\/pages\/24681\/revisions\/24770"}],"up":[{"embeddable":true,"href":"https:\/\/www.andersonlawfirm.law\/es\/wp-json\/wp\/v2\/pages\/24679"}],"wp:featuredmedia":[{"embeddable":true,"href":"https:\/\/www.andersonlawfirm.law\/es\/wp-json\/wp\/v2\/media\/24599"}],"wp:attachment":[{"href":"https:\/\/www.andersonlawfirm.law\/es\/wp-json\/wp\/v2\/media?parent=24681"}],"curies":[{"name":"wp","href":"https:\/\/api.w.org\/{rel}","templated":true}]}}