{"id":24683,"date":"2017-12-11T16:40:59","date_gmt":"2017-12-11T16:40:59","guid":{"rendered":"https:\/\/www.andersonlawfirm.law\/?page_id=24683"},"modified":"2023-03-17T14:34:30","modified_gmt":"2023-03-17T14:34:30","slug":"lesion-por-quemadura","status":"publish","type":"page","link":"https:\/\/www.andersonlawfirm.law\/es\/lesiones-quemaduras\/","title":{"rendered":"Lesi\u00f3n por quemadura"},"content":{"rendered":"<h1>ABOGADO EXPERTO EN LESIONES POR QUEMADURAS<\/h1>\n<p>Todos hemos experimentado alguna vez el dolor que provoca una quemadura menor, ya sea que se haya producido por un simple error cocinando o por no usar protector solar en un d\u00eda caluroso y soleado. Sin embargo, cada a\u00f1o contin\u00faan ocurriendo en Carolina del Sur un n\u00famero creciente de <a href=\"https:\/\/www.andersonlawfirm.law\/es\/personal-injury\/lesiones-corporales-graves\/\">lesiones graves<\/a> por quemaduras que env\u00eda a miles de personas a las salas de emergencia de los hospitales y centros m\u00e9dicos. Mientras que algunas personas, desgraciadamente, mueren como consecuencia de la gravedad de las quemaduras sufridas, otras muchas se quedan en circunstancias que cambiar\u00e1n sus vidas y requerir\u00e1n de tratamientos m\u00e9dicos prolongados. Adem\u00e1s de dolor, algunas personas experimentan la p\u00e9rdida permanente del empleo, con lo que dejan de poder mantener a sus familias. Como abogado experto en lesiones por quemaduras, que presta sus servicios en Charleston, West Ashley y James Island, Taylor Anderson quiere hacerle saber que, si usted o alg\u00fan ser querido han sido v\u00edctimas de lesiones por quemaduras graves, podr\u00edan tener derecho a recibir una compensaci\u00f3n por los da\u00f1os sufridos.<\/p>\n<p>Para comprender mejor el impacto que provoca las lesiones por quemaduras graves, considere lo que ocurre con las quemaduras de tercer grado, en que m\u00faltiples capas de tejido, incluyendo m\u00fasculos, vasos sangu\u00edneos y nervios, se ven afectados, sometiendo al cuerpo humano a un tremendo estr\u00e9s. Aparte de los efectos emocionales y psicol\u00f3gicos, estas quemaduras pueden provocar la acumulaci\u00f3n de l\u00edquido en los pulmones, dificultando la respiraci\u00f3n. M\u00e9dicamente hablando, a esta dolencia se la conoce como S\u00edndrome de Dificultad Respiratoria Aguda (o ARDS, por sus siglas en ingl\u00e9s) y, sin lugar a duda, puede provocar la muerte.<\/p>\n<p>En el bufete legal Taylor Anderson Law Firm, somos conscientes de la importancia que las lesiones corporales graves tienen y de c\u00f3mo afectan a las v\u00edctimas y a sus familiares. Pero todo resulta m\u00e1s devastador a\u00fan, si cabe, cuando las lesiones por quemaduras son causadas por la negligencia de otra persona. Si usted o un ser querido han sufrido lesiones por quemaduras graves y sospechan que el comportamiento negligente de alguien contribuy\u00f3 a que esto ocurriera, necesitar\u00e1n a un abogado con amplia experiencia en lesiones corporales de esta clase, a su lado. Taylor Anderson es implacable cuando se trata de buscar justicia y conseguir la m\u00e1xima compensaci\u00f3n para las v\u00edctimas de lesiones por quemaduras que les cambiar\u00e1n la vida. Para analizar gratuitamente su caso, llame hoy mismo al bufete legal Taylor Anderson Law Firm, en Charleston.<\/p>\n<h2>LESIONES POR QUEMADURAS QU\u00cdMICAS, EL\u00c9CTRICAS Y COMBUSTIBLES<\/h2>\n<p>Seg\u00fan informan los Centros para el Control de Enfermedades (CDC, por sus siglas en ingl\u00e9s), el costo por lesiones causadas por quemaduras graves en t\u00e9rminos de atenci\u00f3n m\u00e9dica, p\u00e9rdida de salarios y calidad de vida, es astron\u00f3mico. De hecho, se estima que las p\u00e9rdidas totales provocadas por este tipo de lesiones podr\u00edan alcanzar los $7,000 millones de d\u00f3lares al a\u00f1o. Sin embargo, probablemente el mayor impacto lo sienten las v\u00edctimas y sus familiares, tratando de superar la devastaci\u00f3n emocional y f\u00edsica que ocasionan sus lesiones.<\/p>\n<p>Las quemaduras suelen producirse en varios escenarios diferentes, desde incendios en hogares provocados por productos defectuosos y cortocircuitos el\u00e9ctricos, hasta incendios alimentados por combustible despu\u00e9s de un accidente automovil\u00edstico, y explosiones qu\u00edmicas en el lugar de trabajo o en el hogar. Por ello, es importante tener en cuenta los siguientes tipos de quemaduras, seg\u00fan su origen:<\/p>\n<ul>\n<li><strong>Quemaduras qu\u00edmicas:<\/strong> aquellas que se producen cuando una sustancia qu\u00edmica \u00e1cida entra en contacto con la piel, ocasionando abrasi\u00f3n, en cuyo caso, se necesita atenci\u00f3n m\u00e9dica inmediata para evitar un mayor da\u00f1o.<\/li>\n<li><strong>Quemaduras el\u00e9ctricas:<\/strong> aunque algunas personas pudieran sentirse bien despu\u00e9s de sufrir una quemadura el\u00e9ctrica, es imprescindible recibir atenci\u00f3n m\u00e9dica de inmediato, ya que, en ocasiones, el verdadero alcance de estas lesiones, no se puede apreciar desde el exterior.<\/li>\n<li><strong>Quemaduras por combustible:<\/strong> a veces provocadas por piezas defectuosas, las quemaduras ocasionadas por combustible suceden cuando las personas involucradas en un accidente automovil\u00edstico se ven atrapadas en el interior de sus veh\u00edculos y \u00e9stos comienzan a arder.<\/li>\n<\/ul>\n<p>La triste realidad con respecto a las lesiones por quemaduras importantes es que, incluso cuando se brinda atenci\u00f3n m\u00e9dica inmediata, el camino hacia la recuperaci\u00f3n suele ser largo para la mayor\u00eda de las v\u00edctimas.<\/p>\n<p>Aunque nosotros no podemos eliminar los efectos dolorosos de las lesiones por quemaduras que usted haya sufrido, en el bufete legal Taylor Anderson Law Firm, podemos luchar para que se le haga justicia y reciba la compensaci\u00f3n que necesita a ra\u00edz de un evento tan horrible, particularmente, si fue causado por una negligencia. Para realizar una evaluaci\u00f3n gratuita de las lesiones y su reclamaci\u00f3n, <a href=\"https:\/\/www.andersonlawfirm.law\/es\/comun%C3%ADquese-bufete-anderson-law-firm\/\">comun\u00edquese<\/a> hoy mismo con nuestro bufete legal.<\/p>\n","protected":false},"excerpt":{"rendered":"<p>ABOGADO EXPERTO EN LESIONES POR QUEMADURAS Todos hemos experimentado alguna vez el dolor que provoca una quemadura menor, ya sea que se haya producido por un simple error cocinando o por no usar protector solar en un d\u00eda caluroso y soleado. Sin embargo, cada a\u00f1o contin\u00faan ocurriendo en Carolina del Sur un n\u00famero creciente de&hellip; <a href=\"https:\/\/www.andersonlawfirm.law\/es\/lesiones-quemaduras\/\" class=\"more-link\">Continue reading<span class=\"sr-only\">about Lesi\u00f3n por quemadura<\/span><\/a><\/p>\n","protected":false},"author":1,"featured_media":24599,"parent":24679,"menu_order":0,"comment_status":"closed","ping_status":"closed","template":"","meta":{"_acf_changed":false,"footnotes":""},"class_list":["post-24683","page","type-page","status-publish","has-post-thumbnail","hentry"],"acf":[],"yoast_head":"<!-- This site is optimized with the Yoast SEO plugin v25.6 - https:\/\/yoast.com\/wordpress\/plugins\/seo\/ -->\n<title>Abogado en Charleston, SC, experto en lesiones por quemaduras | West Ashley, James Island<\/title>\n<meta name=\"description\" content=\"\u00a1En el bufete legal Taylor Anderson Law Firm, brindamos experimentada y habilidosa representaci\u00f3n a v\u00edctimas afectadas por lesiones por quemaduras en Charleston y West Ashley, ayudando a que se haga justicia y reciban la compensaci\u00f3n que se merecen!\" \/>\n<meta name=\"robots\" content=\"index, follow, max-snippet:-1, max-image-preview:large, max-video-preview:-1\" \/>\n<link rel=\"canonical\" href=\"https:\/\/www.andersonlawfirm.law\/es\/lesiones-quemaduras\/\" \/>\n<meta property=\"og:locale\" content=\"es_ES\" \/>\n<meta property=\"og:type\" content=\"article\" \/>\n<meta property=\"og:title\" content=\"Abogado en Charleston, SC, experto en lesiones por quemaduras | West Ashley, James Island\" \/>\n<meta property=\"og:description\" content=\"\u00a1En el bufete legal Taylor Anderson Law Firm, brindamos experimentada y habilidosa representaci\u00f3n a v\u00edctimas afectadas por lesiones por quemaduras en Charleston y West Ashley, ayudando a que se haga justicia y reciban la compensaci\u00f3n que se merecen!\" \/>\n<meta property=\"og:url\" content=\"https:\/\/www.andersonlawfirm.law\/es\/lesiones-quemaduras\/\" \/>\n<meta property=\"og:site_name\" content=\"Taylor Anderson Law Firm\" \/>\n<meta property=\"article:modified_time\" content=\"2023-03-17T14:34:30+00:00\" \/>\n<meta property=\"og:image\" content=\"https:\/\/www.andersonlawfirm.law\/wp-content\/uploads\/2017\/12\/SERIOUS-BODILY-HARM.jpg\" \/>\n\t<meta property=\"og:image:width\" content=\"1920\" \/>\n\t<meta property=\"og:image:height\" content=\"800\" \/>\n\t<meta property=\"og:image:type\" content=\"image\/jpeg\" \/>\n<meta name=\"twitter:card\" content=\"summary_large_image\" \/>\n<meta name=\"twitter:label1\" content=\"Tiempo de lectura\" \/>\n\t<meta name=\"twitter:data1\" content=\"4 minutos\" \/>\n<!-- \/ Yoast SEO plugin. -->","yoast_head_json":{"title":"Abogado en Charleston, SC, experto en lesiones por quemaduras | West Ashley, James Island","description":"\u00a1En el bufete legal Taylor Anderson Law Firm, brindamos experimentada y habilidosa representaci\u00f3n a v\u00edctimas afectadas por lesiones por quemaduras en Charleston y West Ashley, ayudando a que se haga justicia y reciban la compensaci\u00f3n que se merecen!","robots":{"index":"index","follow":"follow","max-snippet":"max-snippet:-1","max-image-preview":"max-image-preview:large","max-video-preview":"max-video-preview:-1"},"canonical":"https:\/\/www.andersonlawfirm.law\/es\/lesiones-quemaduras\/","og_locale":"es_ES","og_type":"article","og_title":"Abogado en Charleston, SC, experto en lesiones por quemaduras | West Ashley, James Island","og_description":"\u00a1En el bufete legal Taylor Anderson Law Firm, brindamos experimentada y habilidosa representaci\u00f3n a v\u00edctimas afectadas por lesiones por quemaduras en Charleston y West Ashley, ayudando a que se haga justicia y reciban la compensaci\u00f3n que se merecen!","og_url":"https:\/\/www.andersonlawfirm.law\/es\/lesiones-quemaduras\/","og_site_name":"Taylor Anderson Law Firm","article_modified_time":"2023-03-17T14:34:30+00:00","og_image":[{"width":1920,"height":800,"url":"https:\/\/www.andersonlawfirm.law\/wp-content\/uploads\/2017\/12\/SERIOUS-BODILY-HARM.jpg","type":"image\/jpeg"}],"twitter_card":"summary_large_image","twitter_misc":{"Tiempo de lectura":"4 minutos"},"schema":{"@context":"https:\/\/schema.org","@graph":[{"@type":"WebPage","@id":"https:\/\/www.andersonlawfirm.law\/es\/lesiones-quemaduras\/","url":"https:\/\/www.andersonlawfirm.law\/es\/lesiones-quemaduras\/","name":"Abogado en Charleston, SC, experto en lesiones por quemaduras | West Ashley, James Island","isPartOf":{"@id":"https:\/\/www.andersonlawfirm.law\/es\/#website"},"primaryImageOfPage":{"@id":"https:\/\/www.andersonlawfirm.law\/es\/lesiones-quemaduras\/#primaryimage"},"image":{"@id":"https:\/\/www.andersonlawfirm.law\/es\/lesiones-quemaduras\/#primaryimage"},"thumbnailUrl":"https:\/\/www.andersonlawfirm.law\/wp-content\/uploads\/2017\/12\/SERIOUS-BODILY-HARM.jpg","datePublished":"2017-12-11T16:40:59+00:00","dateModified":"2023-03-17T14:34:30+00:00","description":"\u00a1En el bufete legal Taylor Anderson Law Firm, brindamos experimentada y habilidosa representaci\u00f3n a v\u00edctimas afectadas por lesiones por quemaduras en Charleston y West Ashley, ayudando a que se haga justicia y reciban la compensaci\u00f3n que se merecen!","breadcrumb":{"@id":"https:\/\/www.andersonlawfirm.law\/es\/lesiones-quemaduras\/#breadcrumb"},"inLanguage":"es","potentialAction":[{"@type":"ReadAction","target":["https:\/\/www.andersonlawfirm.law\/es\/lesiones-quemaduras\/"]}]},{"@type":"ImageObject","inLanguage":"es","@id":"https:\/\/www.andersonlawfirm.law\/es\/lesiones-quemaduras\/#primaryimage","url":"https:\/\/www.andersonlawfirm.law\/wp-content\/uploads\/2017\/12\/SERIOUS-BODILY-HARM.jpg","contentUrl":"https:\/\/www.andersonlawfirm.law\/wp-content\/uploads\/2017\/12\/SERIOUS-BODILY-HARM.jpg","width":1920,"height":800,"caption":"Una fotograf\u00eda borrosa en movimiento de una ambulancia circulando a toda velocidad con luces intermitentes durante la noche."},{"@type":"BreadcrumbList","@id":"https:\/\/www.andersonlawfirm.law\/es\/lesiones-quemaduras\/#breadcrumb","itemListElement":[{"@type":"ListItem","position":1,"name":"Home","item":"https:\/\/www.andersonlawfirm.law\/es\/"},{"@type":"ListItem","position":2,"name":"Practice Areas","item":"https:\/\/www.andersonlawfirm.law\/es\/personal-injury\/"},{"@type":"ListItem","position":3,"name":"Lesiones corporales graves","item":"https:\/\/www.andersonlawfirm.law\/es\/personal-injury\/lesiones-corporales-graves\/"},{"@type":"ListItem","position":4,"name":"Lesi\u00f3n por quemadura"}]},{"@type":"WebSite","@id":"https:\/\/www.andersonlawfirm.law\/es\/#website","url":"https:\/\/www.andersonlawfirm.law\/es\/","name":"Taylor Anderson Law Firm","description":"","potentialAction":[{"@type":"SearchAction","target":{"@type":"EntryPoint","urlTemplate":"https:\/\/www.andersonlawfirm.law\/es\/?s={search_term_string}"},"query-input":{"@type":"PropertyValueSpecification","valueRequired":true,"valueName":"search_term_string"}}],"inLanguage":"es"}]}},"_links":{"self":[{"href":"https:\/\/www.andersonlawfirm.law\/es\/wp-json\/wp\/v2\/pages\/24683","targetHints":{"allow":["GET"]}}],"collection":[{"href":"https:\/\/www.andersonlawfirm.law\/es\/wp-json\/wp\/v2\/pages"}],"about":[{"href":"https:\/\/www.andersonlawfirm.law\/es\/wp-json\/wp\/v2\/types\/page"}],"author":[{"embeddable":true,"href":"https:\/\/www.andersonlawfirm.law\/es\/wp-json\/wp\/v2\/users\/1"}],"replies":[{"embeddable":true,"href":"https:\/\/www.andersonlawfirm.law\/es\/wp-json\/wp\/v2\/comments?post=24683"}],"version-history":[{"count":3,"href":"https:\/\/www.andersonlawfirm.law\/es\/wp-json\/wp\/v2\/pages\/24683\/revisions"}],"predecessor-version":[{"id":24773,"href":"https:\/\/www.andersonlawfirm.law\/es\/wp-json\/wp\/v2\/pages\/24683\/revisions\/24773"}],"up":[{"embeddable":true,"href":"https:\/\/www.andersonlawfirm.law\/es\/wp-json\/wp\/v2\/pages\/24679"}],"wp:featuredmedia":[{"embeddable":true,"href":"https:\/\/www.andersonlawfirm.law\/es\/wp-json\/wp\/v2\/media\/24599"}],"wp:attachment":[{"href":"https:\/\/www.andersonlawfirm.law\/es\/wp-json\/wp\/v2\/media?parent=24683"}],"curies":[{"name":"wp","href":"https:\/\/api.w.org\/{rel}","templated":true}]}}