{"id":24686,"date":"2017-12-11T16:25:22","date_gmt":"2017-12-11T16:25:22","guid":{"rendered":"https:\/\/www.andersonlawfirm.law\/?page_id=24686"},"modified":"2023-03-17T14:36:03","modified_gmt":"2023-03-17T14:36:03","slug":"responsabilidad-de-predios","status":"publish","type":"page","link":"https:\/\/www.andersonlawfirm.law\/es\/responsabilidad-predios\/","title":{"rendered":"Responsabilidad de predios"},"content":{"rendered":"<h1>ABOGADO EXPERTO EN LESIONES POR RESPONSABILIDAD DE PREDIO<\/h1>\n<p>Los due\u00f1os de propiedades en Carolina del Sur, ya sean \u00e9stas comerciales, industriales, sin fines de lucro o privadas, tienen el deber de proteger a visitantes e invitados, manteniendo el predio seguro. Si bien los accidentes pueden ocurrir por m\u00faltiples razones, cuando alguien resulta herido o lesionado porque el due\u00f1o de una propiedad no tom\u00f3 las precauciones adecuadas para garantizar su seguridad, es necesario aplicar la legislaci\u00f3n relativa a la responsabilidad de predio.<\/p>\n<p>Como ejemplo, supongamos que una persona est\u00e1 caminando por un centro comercial u hospital y se resbala, cayendo al suelo, porque \u00e9ste estaba mojado. Si en ese momento no hab\u00eda ninguna se\u00f1al en el lugar advirtiendo que el piso estaba mojado, este suceso podr\u00eda convertirse en un problema de responsabilidad. Otro ejemplo podr\u00eda ser si una persona es atacada en un estacionamiento no seguro. \u00bfPodr\u00eda responsabilizarse del suceso al predio por el hecho de que la iluminaci\u00f3n hubiera sido insuficiente?<\/p>\n<p>Las lesiones relacionadas con reclamaciones por responsabilidad de predio pueden variar, abarcando desde leves conmociones cerebrales y huesos rotos, hasta lesiones catastr\u00f3ficas, traumatismos craneoencef\u00e1licos y discapacidades permanentes. Por ello, si ha sufrido lesiones por esta causa, es importante que se comunique a la brevedad con un abogado confiable y contundente, experto en lesiones por responsabilidad de predio, que le ayude a obtener la justicia y la compensaci\u00f3n que usted necesita y merece.<\/p>\n<p>En el bufete legal <a href=\"https:\/\/www.andersonlawfirm.law\/es\/\">Taylor Anderson Law Firm<\/a>, ayudamos a muchas v\u00edctimas de lesiones personales en todo Charleston y sus alrededores, incluyendo a aquellas que han sufrido lesiones en la propiedad de otra persona. Contamos con los medios y la capacidad para ayudarle a presentar la reclamaci\u00f3n que cubra ampliamente tanto las p\u00e9rdidas sufridas, como los da\u00f1os emocionales y f\u00edsicos, facturas m\u00e9dicas, salarios perdidos, desfiguraciones y otros efectos, provocados por la propiedad.<\/p>\n<p>Para una evaluaci\u00f3n gratuita de su reclamaci\u00f3n, comun\u00edquese hoy mismo con el bufete legal Taylor Anderson Law Firm.<\/p>\n<h2>LE ASESORAMOS LEGALMENTE CON SOLIDEZ EN SUS RECLAMACIONES POR RESPONSABILIDAD DE PREDIOS<\/h2>\n<p>Al igual que sucede con cualquier reclamaci\u00f3n por lesiones personales, la naturaleza de la legislaci\u00f3n referente a la responsabilidad de predios establece que, de presumirse negligencia, \u00e9sta debe probarse para as\u00ed proceder a la recuperaci\u00f3n de los costos por da\u00f1os relacionados con la lesi\u00f3n o la muerte que se haya producido. En el bufete legal Taylor Anderson Law Firm, atendemos a v\u00edctimas de Charleston, West Ashley y James Island con un s\u00f3lido y contundente asesoramiento legal de \u00e9ste y otros tipos de reclamaciones.<\/p>\n<p>A pesar de ello, la responsabilidad de predio es compleja, y cuenta con diferentes est\u00e1ndares de cuidado, en funci\u00f3n del tipo de visitantes que recibe. Considere, por ejemplo, el supuesto de una persona que entra en un supermercado donde hay un bordillo desigual, raz\u00f3n por la que deber\u00eda ser advertida adecuadamente del peligro potencial, para evitar un tropiezo o una ca\u00edda. Sin embargo, existen otros muchos casos en los que los propietarios no son legalmente responsables de verificar los peligros, as\u00ed como consideraciones especiales para el caso de intrusos y ni\u00f1os. Por estas razones, es importante consultar a un abogado experto en lesiones por responsabilidad de predios, que estudie y analice los detalles de su reclamaci\u00f3n.<\/p>\n<p>La mayor\u00eda de las lesiones y reclamaciones por responsabilidad de predios, suelen tener su causa en:<\/p>\n<ul>\n<li>Colapsos de balcones<\/li>\n<li>Obras de construcci\u00f3n<\/li>\n<li>Ascensores o escaleras mec\u00e1nicas<\/li>\n<li>Hoteles<\/li>\n<li>Piscinas p\u00fablicas<\/li>\n<li>Resbalones y ca\u00eddas<\/li>\n<li><a href=\"https:\/\/www.andersonlawfirm.law\/es\/lesiones-tiendas-centros-comerciales\/\">Tiendas o Centros Comerciales<\/a><\/li>\n<li>Estacionamientos no seguros<\/li>\n<\/ul>\n<p>Si usted ha sufrido lesiones en la propiedad de otra persona y cree que hubo negligencia involucrada, <a href=\"https:\/\/www.andersonlawfirm.law\/es\/comun%C3%ADquese-bufete-anderson-law-firm\/\">comun\u00edquese<\/a> hoy mismo con Taylor Anderson Law Firm, y realice una consulta. Como siempre, analizaremos su reclamaci\u00f3n de forma gratuita.<\/p>\n","protected":false},"excerpt":{"rendered":"<p>ABOGADO EXPERTO EN LESIONES POR RESPONSABILIDAD DE PREDIO Los due\u00f1os de propiedades en Carolina del Sur, ya sean \u00e9stas comerciales, industriales, sin fines de lucro o privadas, tienen el deber de proteger a visitantes e invitados, manteniendo el predio seguro. Si bien los accidentes pueden ocurrir por m\u00faltiples razones, cuando alguien resulta herido o lesionado&hellip; <a href=\"https:\/\/www.andersonlawfirm.law\/es\/responsabilidad-predios\/\" class=\"more-link\">Continue reading<span class=\"sr-only\">about Responsabilidad de predios<\/span><\/a><\/p>\n","protected":false},"author":1,"featured_media":24594,"parent":24698,"menu_order":0,"comment_status":"closed","ping_status":"closed","template":"","meta":{"_acf_changed":false,"footnotes":""},"class_list":["post-24686","page","type-page","status-publish","has-post-thumbnail","hentry"],"acf":[],"yoast_head":"<!-- This site is optimized with the Yoast SEO plugin v25.6 - https:\/\/yoast.com\/wordpress\/plugins\/seo\/ -->\n<title>Abogado en Charleston, SC, experto en responsabilidad de predios | West Ashley, James Island<\/title>\n<meta name=\"description\" content=\"\u00bfHa sufrido usted lesiones en la propiedad de otra persona a causa de una negligencia? En el bufete legal Taylor Anderson Law Firm, brindamos asesor\u00eda legal sobre reclamaciones por responsabilidad de predios, en Charleston y West Ashley.\" \/>\n<meta name=\"robots\" content=\"index, follow, max-snippet:-1, max-image-preview:large, max-video-preview:-1\" \/>\n<link rel=\"canonical\" href=\"https:\/\/www.andersonlawfirm.law\/es\/responsabilidad-predios\/\" \/>\n<meta property=\"og:locale\" content=\"es_ES\" \/>\n<meta property=\"og:type\" content=\"article\" \/>\n<meta property=\"og:title\" content=\"Abogado en Charleston, SC, experto en responsabilidad de predios | West Ashley, James Island\" \/>\n<meta property=\"og:description\" content=\"\u00bfHa sufrido usted lesiones en la propiedad de otra persona a causa de una negligencia? En el bufete legal Taylor Anderson Law Firm, brindamos asesor\u00eda legal sobre reclamaciones por responsabilidad de predios, en Charleston y West Ashley.\" \/>\n<meta property=\"og:url\" content=\"https:\/\/www.andersonlawfirm.law\/es\/responsabilidad-predios\/\" \/>\n<meta property=\"og:site_name\" content=\"Taylor Anderson Law Firm\" \/>\n<meta property=\"article:modified_time\" content=\"2023-03-17T14:36:03+00:00\" \/>\n<meta property=\"og:image\" content=\"https:\/\/www.andersonlawfirm.law\/wp-content\/uploads\/2017\/12\/PREMISES-LIABILITY.jpg\" \/>\n\t<meta property=\"og:image:width\" content=\"1920\" \/>\n\t<meta property=\"og:image:height\" content=\"800\" \/>\n\t<meta property=\"og:image:type\" content=\"image\/jpeg\" \/>\n<meta name=\"twitter:card\" content=\"summary_large_image\" \/>\n<meta name=\"twitter:label1\" content=\"Tiempo de lectura\" \/>\n\t<meta name=\"twitter:data1\" content=\"3 minutos\" \/>\n<!-- \/ Yoast SEO plugin. -->","yoast_head_json":{"title":"Abogado en Charleston, SC, experto en responsabilidad de predios | West Ashley, James Island","description":"\u00bfHa sufrido usted lesiones en la propiedad de otra persona a causa de una negligencia? En el bufete legal Taylor Anderson Law Firm, brindamos asesor\u00eda legal sobre reclamaciones por responsabilidad de predios, en Charleston y West Ashley.","robots":{"index":"index","follow":"follow","max-snippet":"max-snippet:-1","max-image-preview":"max-image-preview:large","max-video-preview":"max-video-preview:-1"},"canonical":"https:\/\/www.andersonlawfirm.law\/es\/responsabilidad-predios\/","og_locale":"es_ES","og_type":"article","og_title":"Abogado en Charleston, SC, experto en responsabilidad de predios | West Ashley, James Island","og_description":"\u00bfHa sufrido usted lesiones en la propiedad de otra persona a causa de una negligencia? En el bufete legal Taylor Anderson Law Firm, brindamos asesor\u00eda legal sobre reclamaciones por responsabilidad de predios, en Charleston y West Ashley.","og_url":"https:\/\/www.andersonlawfirm.law\/es\/responsabilidad-predios\/","og_site_name":"Taylor Anderson Law Firm","article_modified_time":"2023-03-17T14:36:03+00:00","og_image":[{"width":1920,"height":800,"url":"https:\/\/www.andersonlawfirm.law\/wp-content\/uploads\/2017\/12\/PREMISES-LIABILITY.jpg","type":"image\/jpeg"}],"twitter_card":"summary_large_image","twitter_misc":{"Tiempo de lectura":"3 minutos"},"schema":{"@context":"https:\/\/schema.org","@graph":[{"@type":"WebPage","@id":"https:\/\/www.andersonlawfirm.law\/es\/responsabilidad-predios\/","url":"https:\/\/www.andersonlawfirm.law\/es\/responsabilidad-predios\/","name":"Abogado en Charleston, SC, experto en responsabilidad de predios | West Ashley, James Island","isPartOf":{"@id":"https:\/\/www.andersonlawfirm.law\/es\/#website"},"primaryImageOfPage":{"@id":"https:\/\/www.andersonlawfirm.law\/es\/responsabilidad-predios\/#primaryimage"},"image":{"@id":"https:\/\/www.andersonlawfirm.law\/es\/responsabilidad-predios\/#primaryimage"},"thumbnailUrl":"https:\/\/www.andersonlawfirm.law\/wp-content\/uploads\/2017\/12\/PREMISES-LIABILITY.jpg","datePublished":"2017-12-11T16:25:22+00:00","dateModified":"2023-03-17T14:36:03+00:00","description":"\u00bfHa sufrido usted lesiones en la propiedad de otra persona a causa de una negligencia? En el bufete legal Taylor Anderson Law Firm, brindamos asesor\u00eda legal sobre reclamaciones por responsabilidad de predios, en Charleston y West Ashley.","breadcrumb":{"@id":"https:\/\/www.andersonlawfirm.law\/es\/responsabilidad-predios\/#breadcrumb"},"inLanguage":"es","potentialAction":[{"@type":"ReadAction","target":["https:\/\/www.andersonlawfirm.law\/es\/responsabilidad-predios\/"]}]},{"@type":"ImageObject","inLanguage":"es","@id":"https:\/\/www.andersonlawfirm.law\/es\/responsabilidad-predios\/#primaryimage","url":"https:\/\/www.andersonlawfirm.law\/wp-content\/uploads\/2017\/12\/PREMISES-LIABILITY.jpg","contentUrl":"https:\/\/www.andersonlawfirm.law\/wp-content\/uploads\/2017\/12\/PREMISES-LIABILITY.jpg","width":1920,"height":800,"caption":"Obreros de la construcci\u00f3n con equipo de seguridad trabajan en una obra con gr\u00faas y estructuras met\u00e1licas bajo un cielo parcialmente nublado."},{"@type":"BreadcrumbList","@id":"https:\/\/www.andersonlawfirm.law\/es\/responsabilidad-predios\/#breadcrumb","itemListElement":[{"@type":"ListItem","position":1,"name":"Home","item":"https:\/\/www.andersonlawfirm.law\/es\/"},{"@type":"ListItem","position":2,"name":"Practice Areas","item":"https:\/\/www.andersonlawfirm.law\/es\/personal-injury\/"},{"@type":"ListItem","position":3,"name":"Responsabilidad de predios"}]},{"@type":"WebSite","@id":"https:\/\/www.andersonlawfirm.law\/es\/#website","url":"https:\/\/www.andersonlawfirm.law\/es\/","name":"Taylor Anderson Law Firm","description":"","potentialAction":[{"@type":"SearchAction","target":{"@type":"EntryPoint","urlTemplate":"https:\/\/www.andersonlawfirm.law\/es\/?s={search_term_string}"},"query-input":{"@type":"PropertyValueSpecification","valueRequired":true,"valueName":"search_term_string"}}],"inLanguage":"es"}]}},"_links":{"self":[{"href":"https:\/\/www.andersonlawfirm.law\/es\/wp-json\/wp\/v2\/pages\/24686","targetHints":{"allow":["GET"]}}],"collection":[{"href":"https:\/\/www.andersonlawfirm.law\/es\/wp-json\/wp\/v2\/pages"}],"about":[{"href":"https:\/\/www.andersonlawfirm.law\/es\/wp-json\/wp\/v2\/types\/page"}],"author":[{"embeddable":true,"href":"https:\/\/www.andersonlawfirm.law\/es\/wp-json\/wp\/v2\/users\/1"}],"replies":[{"embeddable":true,"href":"https:\/\/www.andersonlawfirm.law\/es\/wp-json\/wp\/v2\/comments?post=24686"}],"version-history":[{"count":4,"href":"https:\/\/www.andersonlawfirm.law\/es\/wp-json\/wp\/v2\/pages\/24686\/revisions"}],"predecessor-version":[{"id":24775,"href":"https:\/\/www.andersonlawfirm.law\/es\/wp-json\/wp\/v2\/pages\/24686\/revisions\/24775"}],"up":[{"embeddable":true,"href":"https:\/\/www.andersonlawfirm.law\/es\/wp-json\/wp\/v2\/pages\/24698"}],"wp:featuredmedia":[{"embeddable":true,"href":"https:\/\/www.andersonlawfirm.law\/es\/wp-json\/wp\/v2\/media\/24594"}],"wp:attachment":[{"href":"https:\/\/www.andersonlawfirm.law\/es\/wp-json\/wp\/v2\/media?parent=24686"}],"curies":[{"name":"wp","href":"https:\/\/api.w.org\/{rel}","templated":true}]}}