{"id":24688,"date":"2017-12-11T16:27:06","date_gmt":"2017-12-11T16:27:06","guid":{"rendered":"https:\/\/www.andersonlawfirm.law\/?page_id=24688"},"modified":"2023-03-17T14:37:15","modified_gmt":"2023-03-17T14:37:15","slug":"tiendas-o-centros-comerciales","status":"publish","type":"page","link":"https:\/\/www.andersonlawfirm.law\/es\/lesiones-tiendas-centros-comerciales\/","title":{"rendered":"Tiendas o Centros Comerciales"},"content":{"rendered":"<h1>LESIONES SUFRIDAS EN TIENDAS O CENTROS COMERCIALES<\/h1>\n<p>Si bien la legislaci\u00f3n de Carolina del Sur relativa a <a href=\"https:\/\/www.andersonlawfirm.law\/es\/responsabilidad-predios\/\">responsabilidad de predios<\/a> requiere que los propietarios de tiendas, due\u00f1os de predios y gerentes hagan que sus instalaciones se mantengan seguras para empleados, visitantes e invitados, podr\u00edan ser responsables de las lesiones que sufra un afectado, si se demostrara que hubo negligencia. Aunque much\u00edsimas personas visitan tiendas y centros comerciales en todo el estado, contin\u00faan produci\u00e9ndose lesiones cada d\u00eda, muchas de ellas debido a las siguientes razones:<\/p>\n<ul>\n<li>Pisos mojados, aceitosos o resbaladizos<\/li>\n<li>Pasillos irregulares<\/li>\n<li>Mercanc\u00eda mal almacenada<\/li>\n<li>Aglomeraciones<\/li>\n<li>Comportamiento inapropiado de personal<\/li>\n<li>Iluminaci\u00f3n inadecuada<\/li>\n<li>Riesgos de la construcci\u00f3n<\/li>\n<\/ul>\n<p>Cuando se habla de peligros en propiedades p\u00fablicas, es importante entender que los empleadores y propietarios de \u00e9stas cuentan con tiempo suficiente para limpiar o hacer las reparaciones necesarias en aquellas \u00e1reas espec\u00edficas que pudieran provocar lesiones. Sin embargo, cuando esto no se aborda dentro del plazo adecuado y ocurre una lesi\u00f3n o una muerte, las v\u00edctimas y sus familias necesitar\u00e1n la asistencia de un abogado experto en lesiones personales por responsabilidad de predios.<\/p>\n<p>En el bufete legal Taylor Anderson Law Firm, somos expertos en lesiones personales y responsabilidad de predios. Taylor Anderson atiende a clientes en Charleston, West Ashley, James Island, Johns Island, Folly Beach y en cualquier lugar de Carolina del Sur o Georgia.<\/p>\n<p>Comun\u00edquese hoy mismo con el bufete legal Taylor Anderson Law Firm, y evaluaremos gratuitamente su reclamaci\u00f3n por lesi\u00f3n o muerte, ocurrida en una tienda o centro comercial.<\/p>\n<h2>COMUN\u00cdQUESE CON UN ABOGADO EN CHARLESTON, EXPERTO EN LESIONES PERSONALES Y RESPONSABILIDAD DE PREDIOS<\/h2>\n<p>Si usted se lesiona accidentalmente en una tienda o centro comercial, es importante que se comunique inmediatamente con un abogado experto en lesiones personales y responsabilidad de predios, ya que, en muchos casos, los due\u00f1os de tiendas e inmuebles intentar evitar sus responsabilidades, solicitando a las v\u00edctimas que firmen algo o hagan una declaraci\u00f3n. Como regla general, no firme nada, no acepte dinero ni admita su culpa.<\/p>\n<p>Probablemente, lo mejor que usted pueda hacer despu\u00e9s de sufrir una lesi\u00f3n, sea recibir atenci\u00f3n m\u00e9dica inmediata y ponerse en contacto con el bufete legal Taylor Anderson Law Firm.<\/p>\n<p>Taylor Anderson cuenta con una amplia experiencia jur\u00eddica en el tratamiento de reclamaciones por lesiones personales y brinda a sus clientes de Charleston y alrededores, informaci\u00f3n y asesoramiento legal confiables. Para realizar una consulta gratuita en la que analicemos su accidente y lesiones sufridas, <a href=\"https:\/\/www.andersonlawfirm.law\/es\/comun%C3%ADquese-bufete-anderson-law-firm\/\">comun\u00edquese<\/a> hoy mismo con el bufete legal Taylor Anderson Law Firm.<\/p>\n","protected":false},"excerpt":{"rendered":"<p>LESIONES SUFRIDAS EN TIENDAS O CENTROS COMERCIALES Si bien la legislaci\u00f3n de Carolina del Sur relativa a responsabilidad de predios requiere que los propietarios de tiendas, due\u00f1os de predios y gerentes hagan que sus instalaciones se mantengan seguras para empleados, visitantes e invitados, podr\u00edan ser responsables de las lesiones que sufra un afectado, si se&hellip; <a href=\"https:\/\/www.andersonlawfirm.law\/es\/lesiones-tiendas-centros-comerciales\/\" class=\"more-link\">Continue reading<span class=\"sr-only\">about Tiendas o Centros Comerciales<\/span><\/a><\/p>\n","protected":false},"author":1,"featured_media":24594,"parent":24686,"menu_order":0,"comment_status":"closed","ping_status":"closed","template":"","meta":{"_acf_changed":false,"footnotes":""},"class_list":["post-24688","page","type-page","status-publish","has-post-thumbnail","hentry"],"acf":[],"yoast_head":"<!-- This site is optimized with the Yoast SEO plugin v25.6 - https:\/\/yoast.com\/wordpress\/plugins\/seo\/ -->\n<title>Abogado en Charleston, SC, experto en lesiones en tiendas y centros comerciales | West Ashley, James Island<\/title>\n<meta name=\"description\" content=\"\u00bfHa sufrido usted lesiones en una tienda o frente a un escaparate? En el bufete legal Taylor Anderson Law Firm, investigaremos su reclamaci\u00f3n y brindaremos orientaci\u00f3n legal confiable a aquellos que hayan sido perjudicados por la negligencia de otras personas.\" \/>\n<meta name=\"robots\" content=\"index, follow, max-snippet:-1, max-image-preview:large, max-video-preview:-1\" \/>\n<link rel=\"canonical\" href=\"https:\/\/www.andersonlawfirm.law\/es\/lesiones-tiendas-centros-comerciales\/\" \/>\n<meta property=\"og:locale\" content=\"es_ES\" \/>\n<meta property=\"og:type\" content=\"article\" \/>\n<meta property=\"og:title\" content=\"Abogado en Charleston, SC, experto en lesiones en tiendas y centros comerciales | West Ashley, James Island\" \/>\n<meta property=\"og:description\" content=\"\u00bfHa sufrido usted lesiones en una tienda o frente a un escaparate? En el bufete legal Taylor Anderson Law Firm, investigaremos su reclamaci\u00f3n y brindaremos orientaci\u00f3n legal confiable a aquellos que hayan sido perjudicados por la negligencia de otras personas.\" \/>\n<meta property=\"og:url\" content=\"https:\/\/www.andersonlawfirm.law\/es\/lesiones-tiendas-centros-comerciales\/\" \/>\n<meta property=\"og:site_name\" content=\"Taylor Anderson Law Firm\" \/>\n<meta property=\"article:modified_time\" content=\"2023-03-17T14:37:15+00:00\" \/>\n<meta property=\"og:image\" content=\"https:\/\/www.andersonlawfirm.law\/wp-content\/uploads\/2017\/12\/PREMISES-LIABILITY.jpg\" \/>\n\t<meta property=\"og:image:width\" content=\"1920\" \/>\n\t<meta property=\"og:image:height\" content=\"800\" \/>\n\t<meta property=\"og:image:type\" content=\"image\/jpeg\" \/>\n<meta name=\"twitter:card\" content=\"summary_large_image\" \/>\n<meta name=\"twitter:label1\" content=\"Tiempo de lectura\" \/>\n\t<meta name=\"twitter:data1\" content=\"2 minutos\" \/>\n<!-- \/ Yoast SEO plugin. -->","yoast_head_json":{"title":"Abogado en Charleston, SC, experto en lesiones en tiendas y centros comerciales | West Ashley, James Island","description":"\u00bfHa sufrido usted lesiones en una tienda o frente a un escaparate? En el bufete legal Taylor Anderson Law Firm, investigaremos su reclamaci\u00f3n y brindaremos orientaci\u00f3n legal confiable a aquellos que hayan sido perjudicados por la negligencia de otras personas.","robots":{"index":"index","follow":"follow","max-snippet":"max-snippet:-1","max-image-preview":"max-image-preview:large","max-video-preview":"max-video-preview:-1"},"canonical":"https:\/\/www.andersonlawfirm.law\/es\/lesiones-tiendas-centros-comerciales\/","og_locale":"es_ES","og_type":"article","og_title":"Abogado en Charleston, SC, experto en lesiones en tiendas y centros comerciales | West Ashley, James Island","og_description":"\u00bfHa sufrido usted lesiones en una tienda o frente a un escaparate? En el bufete legal Taylor Anderson Law Firm, investigaremos su reclamaci\u00f3n y brindaremos orientaci\u00f3n legal confiable a aquellos que hayan sido perjudicados por la negligencia de otras personas.","og_url":"https:\/\/www.andersonlawfirm.law\/es\/lesiones-tiendas-centros-comerciales\/","og_site_name":"Taylor Anderson Law Firm","article_modified_time":"2023-03-17T14:37:15+00:00","og_image":[{"width":1920,"height":800,"url":"https:\/\/www.andersonlawfirm.law\/wp-content\/uploads\/2017\/12\/PREMISES-LIABILITY.jpg","type":"image\/jpeg"}],"twitter_card":"summary_large_image","twitter_misc":{"Tiempo de lectura":"2 minutos"},"schema":{"@context":"https:\/\/schema.org","@graph":[{"@type":"WebPage","@id":"https:\/\/www.andersonlawfirm.law\/es\/lesiones-tiendas-centros-comerciales\/","url":"https:\/\/www.andersonlawfirm.law\/es\/lesiones-tiendas-centros-comerciales\/","name":"Abogado en Charleston, SC, experto en lesiones en tiendas y centros comerciales | West Ashley, James Island","isPartOf":{"@id":"https:\/\/www.andersonlawfirm.law\/es\/#website"},"primaryImageOfPage":{"@id":"https:\/\/www.andersonlawfirm.law\/es\/lesiones-tiendas-centros-comerciales\/#primaryimage"},"image":{"@id":"https:\/\/www.andersonlawfirm.law\/es\/lesiones-tiendas-centros-comerciales\/#primaryimage"},"thumbnailUrl":"https:\/\/www.andersonlawfirm.law\/wp-content\/uploads\/2017\/12\/PREMISES-LIABILITY.jpg","datePublished":"2017-12-11T16:27:06+00:00","dateModified":"2023-03-17T14:37:15+00:00","description":"\u00bfHa sufrido usted lesiones en una tienda o frente a un escaparate? En el bufete legal Taylor Anderson Law Firm, investigaremos su reclamaci\u00f3n y brindaremos orientaci\u00f3n legal confiable a aquellos que hayan sido perjudicados por la negligencia de otras personas.","breadcrumb":{"@id":"https:\/\/www.andersonlawfirm.law\/es\/lesiones-tiendas-centros-comerciales\/#breadcrumb"},"inLanguage":"es","potentialAction":[{"@type":"ReadAction","target":["https:\/\/www.andersonlawfirm.law\/es\/lesiones-tiendas-centros-comerciales\/"]}]},{"@type":"ImageObject","inLanguage":"es","@id":"https:\/\/www.andersonlawfirm.law\/es\/lesiones-tiendas-centros-comerciales\/#primaryimage","url":"https:\/\/www.andersonlawfirm.law\/wp-content\/uploads\/2017\/12\/PREMISES-LIABILITY.jpg","contentUrl":"https:\/\/www.andersonlawfirm.law\/wp-content\/uploads\/2017\/12\/PREMISES-LIABILITY.jpg","width":1920,"height":800,"caption":"Obreros de la construcci\u00f3n con equipo de seguridad trabajan en una obra con gr\u00faas y estructuras met\u00e1licas bajo un cielo parcialmente nublado."},{"@type":"BreadcrumbList","@id":"https:\/\/www.andersonlawfirm.law\/es\/lesiones-tiendas-centros-comerciales\/#breadcrumb","itemListElement":[{"@type":"ListItem","position":1,"name":"Home","item":"https:\/\/www.andersonlawfirm.law\/es\/"},{"@type":"ListItem","position":2,"name":"Practice Areas","item":"https:\/\/www.andersonlawfirm.law\/es\/personal-injury\/"},{"@type":"ListItem","position":3,"name":"Responsabilidad de predios","item":"https:\/\/www.andersonlawfirm.law\/es\/responsabilidad-predios\/"},{"@type":"ListItem","position":4,"name":"Tiendas o Centros Comerciales"}]},{"@type":"WebSite","@id":"https:\/\/www.andersonlawfirm.law\/es\/#website","url":"https:\/\/www.andersonlawfirm.law\/es\/","name":"Taylor Anderson Law Firm","description":"","potentialAction":[{"@type":"SearchAction","target":{"@type":"EntryPoint","urlTemplate":"https:\/\/www.andersonlawfirm.law\/es\/?s={search_term_string}"},"query-input":{"@type":"PropertyValueSpecification","valueRequired":true,"valueName":"search_term_string"}}],"inLanguage":"es"}]}},"_links":{"self":[{"href":"https:\/\/www.andersonlawfirm.law\/es\/wp-json\/wp\/v2\/pages\/24688","targetHints":{"allow":["GET"]}}],"collection":[{"href":"https:\/\/www.andersonlawfirm.law\/es\/wp-json\/wp\/v2\/pages"}],"about":[{"href":"https:\/\/www.andersonlawfirm.law\/es\/wp-json\/wp\/v2\/types\/page"}],"author":[{"embeddable":true,"href":"https:\/\/www.andersonlawfirm.law\/es\/wp-json\/wp\/v2\/users\/1"}],"replies":[{"embeddable":true,"href":"https:\/\/www.andersonlawfirm.law\/es\/wp-json\/wp\/v2\/comments?post=24688"}],"version-history":[{"count":3,"href":"https:\/\/www.andersonlawfirm.law\/es\/wp-json\/wp\/v2\/pages\/24688\/revisions"}],"predecessor-version":[{"id":24777,"href":"https:\/\/www.andersonlawfirm.law\/es\/wp-json\/wp\/v2\/pages\/24688\/revisions\/24777"}],"up":[{"embeddable":true,"href":"https:\/\/www.andersonlawfirm.law\/es\/wp-json\/wp\/v2\/pages\/24686"}],"wp:featuredmedia":[{"embeddable":true,"href":"https:\/\/www.andersonlawfirm.law\/es\/wp-json\/wp\/v2\/media\/24594"}],"wp:attachment":[{"href":"https:\/\/www.andersonlawfirm.law\/es\/wp-json\/wp\/v2\/media?parent=24688"}],"curies":[{"name":"wp","href":"https:\/\/api.w.org\/{rel}","templated":true}]}}